{"id":9924,"date":"2024-06-30T15:27:03","date_gmt":"2024-06-30T13:27:03","guid":{"rendered":"https:\/\/www.meteoinfo.si\/?page_id=9924"},"modified":"2025-11-14T12:23:19","modified_gmt":"2025-11-14T11:23:19","slug":"ocena-visine-padavin","status":"publish","type":"page","link":"https:\/\/meteoinfo.si\/en\/ocena-visine-padavin\/","title":{"rendered":"Ocena vi\u0161ine padavin"},"content":{"rendered":"\n<h2 class=\"wp-block-heading\"><strong>Ocenjena dnevna vi\u0161ina padavin &#8211; danes<\/strong><\/h2>\n\n\n\n<figure class=\"wp-block-image size-large\"><a class=\"gridlove-popup-img\" href=\"https:\/\/radar.vreme-podnebje.si\/images\/padavine_inca.png\"><img decoding=\"async\" src=\"https:\/\/radar.vreme-podnebje.si\/images\/padavine_inca.png\" alt=\"\"\/><\/a><\/figure>\n\n\n\n<hr class=\"wp-block-separator has-text-color has-gridlove-bg-color has-alpha-channel-opacity has-gridlove-bg-background-color has-background is-style-wide\"\/>\n\n\n\n<h2 class=\"wp-block-heading\"><strong><strong>Ocenjena dnevna vi\u0161ina padavin &#8211; v\u010deraj<\/strong><\/strong><\/h2>\n\n\n\n<figure class=\"wp-block-image size-large\"><a class=\"gridlove-popup-img\" href=\"https:\/\/radar.vreme-podnebje.si\/images\/padavine_inca_vceraj.png\"><img decoding=\"async\" src=\"https:\/\/radar.vreme-podnebje.si\/images\/padavine_inca_vceraj.png\" alt=\"\"\/><\/a><\/figure>\n\n\n\n<hr class=\"wp-block-separator has-text-color has-gridlove-bg-color has-alpha-channel-opacity has-gridlove-bg-background-color has-background is-style-wide\"\/>\n\n\n\n<p>Karta ocenjene vi\u0161ine padavin je rezultat numeri\u010dnega modela za analizo in zelo kratkoro\u010dno napoved vremena (INCA\/SI), ki ga poganjajo na Agenciji Republike Slovenije za okolje (ARSO).<\/p>\n\n\n\n<p>Model za oceno padavin kombinira radarske meritve nad Slovenijo z meritvami padavin na samodejnih meteorolo\u0161kih postajah. Marsikje v severnem delu dr\u017eave, predvsem na goratih obmo\u010djih (Julijske in Kamni\u0161ko-Savinjske Alpe) je radarska ocena vi\u0161ine padavin zaradi reliefnih ovir lahko mo\u010dno podcenjena. Na ostalih obmo\u010djih radarske meritve omogo\u010dajo bolj\u0161o sliko prostorske razporeditve padavin, predvsem tam, kjer ni prisotnih meteorolo\u0161kih postaj, ter v primeru konvektivnih padavin (ploh in neviht), za katere je zna\u010dilna velika prostorska spremenljivost. Z upo\u0161tevanjem izmerjenih vrednosti na meteorolo\u0161kih postajah se ocena vi\u0161ine padavin precej izbolj\u0161a.<\/p>\n\n\n\n<hr class=\"wp-block-separator has-text-color has-gridlove-bg-color has-alpha-channel-opacity has-gridlove-bg-background-color has-background is-style-wide\"\/>\n\n\n\n<p>Frekvenca osve\u017eevanja ocenjene vi\u0161ine padavin je prilagojena merilnemu intervalu mre\u017ee samodejnih meteorolo\u0161kih postaj ARSO (v \u010dasu, ko je bil model izdelan), in sicer vsakih 30 minut. Za enako obdobje se izra\u010duna tudi radarska ocena padavin. Najprej se izvede prostorska interpolacija meritev samodejnih postaj v mre\u017ei z lo\u010dljivostjo 1 km, nato se rezultat kombinira z radarsko ocenjeno vsoto padavin v enaki lo\u010dljivosti, pri \u010demer se kot ute\u017e upo\u0161teva predvsem oddaljenost posamezne mre\u017ene celice od lokacije meritev. V bli\u017eini meteorolo\u0161kih postaj je prednostno upo\u0161tevana vrednost meritve, na obmo\u010djih dale\u010d od lokacij meritev pa analiza sloni predvsem na podatkih meteorolo\u0161kega radarja.<\/p>\n\n\n\n<p>Pri radarski oceni se upo\u0161teva izmerek radarskega \u017earka, ki je najbli\u017eje tlom (talna intenziteta padavin), kar je najbolj\u0161i pribli\u017eek padavin pri tleh, vendar glede na izku\u0161nje nekoliko podcenjuje vi\u0161ino padavin, \u0161e posebej pri ve\u010djih oddaljenostih od radarja, kjer je radarski snop \u017ee razmeroma visoko nad povr\u0161jem. Poleg tega je analizirana vi\u0161ina padavin tudi sistemati\u010dno prenizka na obmo\u010djih, kjer je radarski \u017earek zaradi bli\u017enjih vrhov blokiran. Problemati\u010dna obmo\u010dja so predvsem severni del Gorenjske, Julijske Alpe, Poso\u010dje in Kamni\u0161ko-Savinjske Alpe, kjer je na obmo\u010djih, ki so oddaljena od merilnih postaj, ocena vi\u0161ine padavine lahko podcenjena tudi za okoli 30 odstotkov glede na dejanske vrednosti.<\/p>\n\n\n\n<p>Ocene padavin se izra\u010dunajo oz. osve\u017eijo okoli 15 in 45 minut \u010dez polno uro, na na\u0161i spletni strani pa so na voljo 20 in 50 minut \u010dez polno uro.<\/p>\n\n\n\n<hr class=\"wp-block-separator has-text-color has-gridlove-bg-color has-alpha-channel-opacity has-gridlove-bg-background-color has-background is-style-wide\"\/>\n","protected":false},"excerpt":{"rendered":"<p>Ocenjena dnevna vi\u0161ina padavin &#8211; danes Ocenjena dnevna vi\u0161ina padavin &#8211; v\u010deraj Karta ocenjene vi\u0161ine padavin je rezultat numeri\u010dnega modela za analizo in zelo kratkoro\u010dno napoved vremena (INCA\/SI), ki ga poganjajo na Agenciji Republike Slovenije za okolje (ARSO). Model za oceno padavin kombinira radarske meritve nad Slovenijo z meritvami padavin na samodejnih meteorolo\u0161kih postajah. Marsikje [&hellip;]<\/p>\n","protected":false},"author":2,"featured_media":0,"parent":0,"menu_order":0,"comment_status":"closed","ping_status":"closed","template":"","meta":{"footnotes":""},"class_list":["post-9924","page","type-page","status-publish","hentry"],"yoast_head":"<!-- This site is optimized with the Yoast SEO plugin v27.5 - https:\/\/yoast.com\/product\/yoast-seo-wordpress\/ -->\n<title>Ocena vi\u0161ine padavin - Meteoinfo Slovenija<\/title>\n<meta name=\"description\" content=\"Ocene padavin se izra\u010dunajo oz. osve\u017eijo okoli 15 in 45 minut \u010dez polno uro, na na\u0161i spletni strani pa so na voljo 20 in 50 minut \u010dez polno uro.\" \/>\n<meta name=\"robots\" content=\"index, follow, max-snippet:-1, max-image-preview:large, max-video-preview:-1\" \/>\n<link rel=\"canonical\" href=\"https:\/\/meteoinfo.si\/en\/ocena-visine-padavin\/\" \/>\n<meta property=\"og:locale\" content=\"en_US\" \/>\n<meta property=\"og:locale:alternate\" content=\"sl_SI\" \/>\n<meta property=\"og:type\" content=\"article\" \/>\n<meta property=\"og:title\" content=\"Ocena vi\u0161ine padavin - Meteoinfo Slovenija\" \/>\n<meta property=\"og:description\" content=\"Ocene padavin se izra\u010dunajo oz. osve\u017eijo okoli 15 in 45 minut \u010dez polno uro, na na\u0161i spletni strani pa so na voljo 20 in 50 minut \u010dez polno uro.\" \/>\n<meta property=\"og:url\" content=\"https:\/\/meteoinfo.si\/en\/ocena-visine-padavin\/\" \/>\n<meta property=\"og:site_name\" content=\"Meteoinfo Slovenija\" \/>\n<meta property=\"article:publisher\" content=\"https:\/\/www.facebook.com\/meteoinfoslovenija\" \/>\n<meta property=\"article:modified_time\" content=\"2025-11-14T11:23:19+00:00\" \/>\n<meta property=\"og:image\" content=\"https:\/\/radar.vreme-podnebje.si\/images\/padavine_inca.png\" \/>\n<meta name=\"twitter:card\" content=\"summary_large_image\" \/>\n<meta name=\"twitter:site\" content=\"@MeteoinfoSi\" \/>\n<meta name=\"twitter:label1\" content=\"Est. reading time\" \/>\n\t<meta name=\"twitter:data1\" content=\"3 minutes\" \/>\n<script type=\"application\/ld+json\" class=\"yoast-schema-graph\">{\"@context\":\"https:\\\/\\\/schema.org\",\"@graph\":[{\"@type\":\"WebPage\",\"@id\":\"https:\\\/\\\/meteoinfo.si\\\/ocena-visine-padavin\\\/\",\"url\":\"https:\\\/\\\/meteoinfo.si\\\/ocena-visine-padavin\\\/\",\"name\":\"Ocena vi\u0161ine padavin - Meteoinfo Slovenija\",\"isPartOf\":{\"@id\":\"https:\\\/\\\/meteoinfo.si\\\/#website\"},\"primaryImageOfPage\":{\"@id\":\"https:\\\/\\\/meteoinfo.si\\\/ocena-visine-padavin\\\/#primaryimage\"},\"image\":{\"@id\":\"https:\\\/\\\/meteoinfo.si\\\/ocena-visine-padavin\\\/#primaryimage\"},\"thumbnailUrl\":\"https:\\\/\\\/radar.vreme-podnebje.si\\\/images\\\/padavine_inca.png\",\"datePublished\":\"2024-06-30T13:27:03+00:00\",\"dateModified\":\"2025-11-14T11:23:19+00:00\",\"description\":\"Ocene padavin se izra\u010dunajo oz. osve\u017eijo okoli 15 in 45 minut \u010dez polno uro, na na\u0161i spletni strani pa so na voljo 20 in 50 minut \u010dez polno uro.\",\"breadcrumb\":{\"@id\":\"https:\\\/\\\/meteoinfo.si\\\/ocena-visine-padavin\\\/#breadcrumb\"},\"inLanguage\":\"en-US\",\"potentialAction\":[{\"@type\":\"ReadAction\",\"target\":[\"https:\\\/\\\/meteoinfo.si\\\/ocena-visine-padavin\\\/\"]}]},{\"@type\":\"ImageObject\",\"inLanguage\":\"en-US\",\"@id\":\"https:\\\/\\\/meteoinfo.si\\\/ocena-visine-padavin\\\/#primaryimage\",\"url\":\"https:\\\/\\\/radar.vreme-podnebje.si\\\/images\\\/padavine_inca.png\",\"contentUrl\":\"https:\\\/\\\/radar.vreme-podnebje.si\\\/images\\\/padavine_inca.png\"},{\"@type\":\"BreadcrumbList\",\"@id\":\"https:\\\/\\\/meteoinfo.si\\\/ocena-visine-padavin\\\/#breadcrumb\",\"itemListElement\":[{\"@type\":\"ListItem\",\"position\":1,\"name\":\"Home\",\"item\":\"https:\\\/\\\/meteoinfo.si\\\/\"},{\"@type\":\"ListItem\",\"position\":2,\"name\":\"Ocena vi\u0161ine padavin\"}]},{\"@type\":\"WebSite\",\"@id\":\"https:\\\/\\\/meteoinfo.si\\\/#website\",\"url\":\"https:\\\/\\\/meteoinfo.si\\\/\",\"name\":\"Meteoinfo\",\"description\":\"Meteoinfo Slovenija je spletni portal skupine ljubiteljev opazovanja in prou\u010devanja ekstremnih vremenskih pojavov ter podnebja.\",\"publisher\":{\"@id\":\"https:\\\/\\\/meteoinfo.si\\\/#organization\"},\"potentialAction\":[{\"@type\":\"SearchAction\",\"target\":{\"@type\":\"EntryPoint\",\"urlTemplate\":\"https:\\\/\\\/meteoinfo.si\\\/?s={search_term_string}\"},\"query-input\":{\"@type\":\"PropertyValueSpecification\",\"valueRequired\":true,\"valueName\":\"search_term_string\"}}],\"inLanguage\":\"en-US\"},{\"@type\":\"Organization\",\"@id\":\"https:\\\/\\\/meteoinfo.si\\\/#organization\",\"name\":\"Meteoinfo Slovenija\",\"url\":\"https:\\\/\\\/meteoinfo.si\\\/\",\"logo\":{\"@type\":\"ImageObject\",\"inLanguage\":\"en-US\",\"@id\":\"https:\\\/\\\/meteoinfo.si\\\/#\\\/schema\\\/logo\\\/image\\\/\",\"url\":\"https:\\\/\\\/meteoinfo.si\\\/wp-content\\\/uploads\\\/2023\\\/08\\\/meteoinfo_logo.png\",\"contentUrl\":\"https:\\\/\\\/meteoinfo.si\\\/wp-content\\\/uploads\\\/2023\\\/08\\\/meteoinfo_logo.png\",\"width\":260,\"height\":27,\"caption\":\"Meteoinfo Slovenija\"},\"image\":{\"@id\":\"https:\\\/\\\/meteoinfo.si\\\/#\\\/schema\\\/logo\\\/image\\\/\"},\"sameAs\":[\"https:\\\/\\\/www.facebook.com\\\/meteoinfoslovenija\",\"https:\\\/\\\/x.com\\\/MeteoinfoSi\",\"https:\\\/\\\/www.instagram.com\\\/meteoinfo.si\\\/\",\"https:\\\/\\\/www.tiktok.com\\\/@meteoinfo.slo\"]}]}<\/script>\n<!-- \/ Yoast SEO plugin. -->","yoast_head_json":{"title":"Ocena vi\u0161ine padavin - Meteoinfo Slovenija","description":"Ocene padavin se izra\u010dunajo oz. osve\u017eijo okoli 15 in 45 minut \u010dez polno uro, na na\u0161i spletni strani pa so na voljo 20 in 50 minut \u010dez polno uro.","robots":{"index":"index","follow":"follow","max-snippet":"max-snippet:-1","max-image-preview":"max-image-preview:large","max-video-preview":"max-video-preview:-1"},"canonical":"https:\/\/meteoinfo.si\/en\/ocena-visine-padavin\/","og_locale":"en_US","og_type":"article","og_title":"Ocena vi\u0161ine padavin - Meteoinfo Slovenija","og_description":"Ocene padavin se izra\u010dunajo oz. osve\u017eijo okoli 15 in 45 minut \u010dez polno uro, na na\u0161i spletni strani pa so na voljo 20 in 50 minut \u010dez polno uro.","og_url":"https:\/\/meteoinfo.si\/en\/ocena-visine-padavin\/","og_site_name":"Meteoinfo Slovenija","article_publisher":"https:\/\/www.facebook.com\/meteoinfoslovenija","article_modified_time":"2025-11-14T11:23:19+00:00","og_image":[{"url":"https:\/\/radar.vreme-podnebje.si\/images\/padavine_inca.png","type":"","width":"","height":""}],"twitter_card":"summary_large_image","twitter_site":"@MeteoinfoSi","twitter_misc":{"Est. reading time":"3 minutes"},"schema":{"@context":"https:\/\/schema.org","@graph":[{"@type":"WebPage","@id":"https:\/\/meteoinfo.si\/ocena-visine-padavin\/","url":"https:\/\/meteoinfo.si\/ocena-visine-padavin\/","name":"Ocena vi\u0161ine padavin - Meteoinfo Slovenija","isPartOf":{"@id":"https:\/\/meteoinfo.si\/#website"},"primaryImageOfPage":{"@id":"https:\/\/meteoinfo.si\/ocena-visine-padavin\/#primaryimage"},"image":{"@id":"https:\/\/meteoinfo.si\/ocena-visine-padavin\/#primaryimage"},"thumbnailUrl":"https:\/\/radar.vreme-podnebje.si\/images\/padavine_inca.png","datePublished":"2024-06-30T13:27:03+00:00","dateModified":"2025-11-14T11:23:19+00:00","description":"Ocene padavin se izra\u010dunajo oz. osve\u017eijo okoli 15 in 45 minut \u010dez polno uro, na na\u0161i spletni strani pa so na voljo 20 in 50 minut \u010dez polno uro.","breadcrumb":{"@id":"https:\/\/meteoinfo.si\/ocena-visine-padavin\/#breadcrumb"},"inLanguage":"en-US","potentialAction":[{"@type":"ReadAction","target":["https:\/\/meteoinfo.si\/ocena-visine-padavin\/"]}]},{"@type":"ImageObject","inLanguage":"en-US","@id":"https:\/\/meteoinfo.si\/ocena-visine-padavin\/#primaryimage","url":"https:\/\/radar.vreme-podnebje.si\/images\/padavine_inca.png","contentUrl":"https:\/\/radar.vreme-podnebje.si\/images\/padavine_inca.png"},{"@type":"BreadcrumbList","@id":"https:\/\/meteoinfo.si\/ocena-visine-padavin\/#breadcrumb","itemListElement":[{"@type":"ListItem","position":1,"name":"Home","item":"https:\/\/meteoinfo.si\/"},{"@type":"ListItem","position":2,"name":"Ocena vi\u0161ine padavin"}]},{"@type":"WebSite","@id":"https:\/\/meteoinfo.si\/#website","url":"https:\/\/meteoinfo.si\/","name":"Meteoinfo","description":"Meteoinfo Slovenija je spletni portal skupine ljubiteljev opazovanja in prou\u010devanja ekstremnih vremenskih pojavov ter podnebja.","publisher":{"@id":"https:\/\/meteoinfo.si\/#organization"},"potentialAction":[{"@type":"SearchAction","target":{"@type":"EntryPoint","urlTemplate":"https:\/\/meteoinfo.si\/?s={search_term_string}"},"query-input":{"@type":"PropertyValueSpecification","valueRequired":true,"valueName":"search_term_string"}}],"inLanguage":"en-US"},{"@type":"Organization","@id":"https:\/\/meteoinfo.si\/#organization","name":"Meteoinfo Slovenija","url":"https:\/\/meteoinfo.si\/","logo":{"@type":"ImageObject","inLanguage":"en-US","@id":"https:\/\/meteoinfo.si\/#\/schema\/logo\/image\/","url":"https:\/\/meteoinfo.si\/wp-content\/uploads\/2023\/08\/meteoinfo_logo.png","contentUrl":"https:\/\/meteoinfo.si\/wp-content\/uploads\/2023\/08\/meteoinfo_logo.png","width":260,"height":27,"caption":"Meteoinfo Slovenija"},"image":{"@id":"https:\/\/meteoinfo.si\/#\/schema\/logo\/image\/"},"sameAs":["https:\/\/www.facebook.com\/meteoinfoslovenija","https:\/\/x.com\/MeteoinfoSi","https:\/\/www.instagram.com\/meteoinfo.si\/","https:\/\/www.tiktok.com\/@meteoinfo.slo"]}]}},"_links":{"self":[{"href":"https:\/\/meteoinfo.si\/en\/wp-json\/wp\/v2\/pages\/9924","targetHints":{"allow":["GET"]}}],"collection":[{"href":"https:\/\/meteoinfo.si\/en\/wp-json\/wp\/v2\/pages"}],"about":[{"href":"https:\/\/meteoinfo.si\/en\/wp-json\/wp\/v2\/types\/page"}],"author":[{"embeddable":true,"href":"https:\/\/meteoinfo.si\/en\/wp-json\/wp\/v2\/users\/2"}],"replies":[{"embeddable":true,"href":"https:\/\/meteoinfo.si\/en\/wp-json\/wp\/v2\/comments?post=9924"}],"version-history":[{"count":20,"href":"https:\/\/meteoinfo.si\/en\/wp-json\/wp\/v2\/pages\/9924\/revisions"}],"predecessor-version":[{"id":13285,"href":"https:\/\/meteoinfo.si\/en\/wp-json\/wp\/v2\/pages\/9924\/revisions\/13285"}],"wp:attachment":[{"href":"https:\/\/meteoinfo.si\/en\/wp-json\/wp\/v2\/media?parent=9924"}],"curies":[{"name":"wp","href":"https:\/\/api.w.org\/{rel}","templated":true}]}}