{"id":99,"date":"2023-05-10T21:29:21","date_gmt":"2023-05-10T19:29:21","guid":{"rendered":"https:\/\/meteoinfo.si\/?page_id=99"},"modified":"2023-08-03T17:50:22","modified_gmt":"2023-08-03T15:50:22","slug":"pogoji-uporabe","status":"publish","type":"page","link":"https:\/\/meteoinfo.si\/en\/pogoji-uporabe\/","title":{"rendered":"Pogoji uporabe"},"content":{"rendered":"\n<hr class=\"wp-block-separator has-text-color has-gridlove-bg-color has-alpha-channel-opacity has-gridlove-bg-background-color has-background is-style-wide\"\/>\n\n\n\n<p class=\"has-large-font-size\"><strong>Omejitev odgovornosti<\/strong><\/p>\n\n\n\n<p>Sistem informiranja o predvidenih vremenskih razmerah na na\u0161ih straneh&nbsp;<strong>ne&nbsp;<\/strong>velja kot opozorilni sistem. Napovedi, zemljevidi in podatki, ki so dosegljivi na tej spletni strani in na dru\u017ebenih omre\u017ejih Meteoinfo Slovenija, so neuradni ter informativne narave, zato ne odgovarjamo za morebitna odstopanja, napa\u010dne interpretacije ter nastalo \u0161kodo ob vremenskih dogodkih ali ob ukrepih za za\u0161\u010dito pred njimi. Meteorolo\u0161ka slu\u017eba Agencije Republike Slovenije za okolje (ARSO) je na obmo\u010dju Republike Slovenije edina zakonsko poobla\u0161\u010dena za izdajo vremenskih opozoril! Uradna opozorila najdete na njihovih <a rel=\"noreferrer noopener\" href=\"https:\/\/www.arso.gov.si\/\" data-type=\"URL\" data-id=\"https:\/\/www.arso.gov.si\/\" target=\"_blank\">spletnih straneh<\/a> ali na spletni strani <a rel=\"noreferrer noopener\" href=\"https:\/\/www.meteoalarm.org\/en\/live\/\" data-type=\"URL\" data-id=\"https:\/\/www.meteoalarm.org\/en\/live\/\" target=\"_blank\">Meteoalarm<\/a>.<\/p>\n\n\n\n<p>Strani spletnega portala Meteoinfo Slovenija so postavljene in vzdr\u017eevane z najve\u010djo mo\u017eno mero skrbnosti. Kljub temu ne moremo jam\u010diti za a\u017eurnost, to\u010dnost ali pravilnost vseh informacij na straneh. Vse informacije na spletnih straneh se lahko spremenijo brez predhodnega obvestila.<\/p>\n\n\n\n<p>Na spletni strani meteoinfo.si in na na\u0161ih dru\u017ebenih omre\u017ejih posredujemo tudi povezave do spletnih vsebin drugih ponudnikov. Na vsebino teh strani nimamo vpliva; za njih odgovarja izklju\u010dno upravljavec druge spletne strani. Kljub preverjanju vsebin v okviru zakonsko dovoljenih mo\u017enosti ne prevzemamo nikakr\u0161ne odgovornosti za tam objavljene podatke.<\/p>\n\n\n\n<hr class=\"wp-block-separator has-text-color has-gridlove-bg-color has-alpha-channel-opacity has-gridlove-bg-background-color has-background is-style-wide\"\/>\n\n\n\n<p class=\"has-large-font-size\"><strong>Avtorske pravice<\/strong><\/p>\n\n\n\n<p>Vsebine na spletni strani meteoinfo.si in na na\u0161ih dru\u017ebenih omre\u017ejih so avtorsko za\u0161\u010ditene. \u010ce ni navedeno druga\u010de (npr. s sklicem na vir), je upravljavec spletne strani edini imetnik pravic za vse vsebine, ki so objavljene na tej spletni strani. To pomeni, da se vsebine smejo uporabljati zgolj v obsegu in na na\u010din, kot to dolo\u010da zakonodaja, ki ureja varstvo avtorskih pravic, in v skladu s pogoji uporabe vsebin, ki so opredeljeni v nadaljevanju.&nbsp;<\/p>\n\n\n\n<p>Vsa besedila, fotografije, videoposnetki, grafike, animacije in druge vsebine na tej spletni strani so namenjeni izklju\u010dno osebni rabi uporabnika. Pri reproduciranju (razmno\u017eevanju) je potrebno korektno navesti vir (Meteoinfo Slovenija),&nbsp;vendar pa tak\u0161na navedba ne omogo\u010da uporabe vsebine v komercialne namene. Kakr\u0161nokoli spreminjanje, razmno\u017eevanje, obdelava ali druga vrsta reprodukcije vsebin je brez predhodnega izrecnega pisnega dovoljenja upravljavca spletne strani Meteoinfo Slovenija prepovedana.<\/p>\n\n\n\n<p>Uporabnik, ki nam v objavo posreduje avtorska dela (npr. fotografije, posnetke, besedila in podobno) izrecno zagotavlja, da gre za njegova lastna in izvirna avtorska dela, in da je imetnik vseh avtorskih in sorodnih pravic na navedenih avtorskih delih, ter da ni kakr\u0161nihkoli pravnih ali dejanskih ovir za prenos materialnih avtorskih in sorodnih pravic na navedenih avtorskih delih na Meteoinfo Slovenija. Uporabnik prav tako zagotavlja, da s posredovanjem navedenih avtorskih del in njihovo uporabo s strani Meteoinfo Slovenija niso kr\u0161ene kakr\u0161nekoli pravice intelektualne lastnine ali veljavni predpisi.<\/p>\n\n\n\n<hr class=\"wp-block-separator has-text-color has-gridlove-bg-color has-alpha-channel-opacity has-gridlove-bg-background-color has-background is-style-wide\"\/>\n\n\n\n<p class=\"has-large-font-size\"><strong>Varovanje osebnih podatkov<\/strong><\/p>\n\n\n\n<p>Zavedamo se, da je zasebnost obiskovalcev na na\u0161i strani na prvem mestu, zato vam zagotavljamo varovanje in za\u0161\u010dito va\u0161ih osebnih podatkov po Zakonu o varstvu osebnih podatkov (ZVOP-1).<\/p>\n\n\n\n<p>Vsi podatki, ki  bodo posredovani na spletni strani Meteoinfo Slovenija ali na kakr\u0161enkoli drugi na\u010din bodo obravnavani zaupno in bodo uporabljeni zgolj za interno evidenco in v namen, zaradi katerega so bili posredovani. Va\u0161i podatki bodo skrbno varovani pred izgubo, zlorabo, nepoobla\u0161\u010denim dostopom, razkrivanjem, spreminjanjem ali uni\u010denjem in v nobenem primeru ne bodo posredovani tretjim osebam.<\/p>\n\n\n\n<p>Ob obisku strani se nekateri podatki (IP naslov, datum, \u010das, naslov strani, s katere prihajate) shranijo na stre\u017enik. Ti podatki so anonimni in se uporabljajo zgolj za statisti\u010dne obdelave.<\/p>\n\n\n\n<p>Spletne strani uporabljajo &#8220;pi\u0161kotke&#8221;. To so majhne datoteke, ki se ob obisku strani shranijo na va\u0161 disk. Pi\u0161kotki vam lahko olaj\u0161ajo nadaljnje obiske strani. Z nastavitvami v va\u0161em brskalniku se lahko odlo\u010dite ali boste &#8220;pi\u0161kotke&#8221; sprejeli ali zavrnili.<\/p>\n\n\n\n<p><strong>Vrste pi\u0161kotkov<\/strong>:<\/p>\n\n\n\n<ul class=\"wp-block-list\">\n<li><strong>Nujni pi\u0161kotki:<\/strong> Ti pi\u0161kotki so nujni za delovanje na\u0161ega spletnega mesta in jih ni mogo\u010de onemogo\u010diti.<\/li>\n\n\n\n<li><strong>Analiti\u010dni pi\u0161kotki:<\/strong> S pomo\u010djo pi\u0161kotkov, kot so Matomo Analytics, zbiramo informacije o tem, kako obiskovalci uporabljajo na\u0161e spletno mesto. To nam pomaga izbolj\u0161ati na\u0161e storitve in vsebino. <\/li>\n\n\n\n<li><strong>Ogla\u0161evalski pi\u0161kotki:<\/strong> Ti pi\u0161kotki se lahko uporabljajo za prikazovanje oglasov, ki so relevantni za vas. Omenjenih pi\u0161kotkov ne uporabljamo.<\/li>\n<\/ul>\n\n\n\n<p><strong>Matomo Analytics<\/strong><\/p>\n\n\n\n<p>Za analizo uporabe spletnega mesta uporabljamo Matomo Analytics. Matomo spo\u0161tuje va\u0161o zasebnost in zbira podatke v skladu z pravili GDPR. Ve\u010d o tem, kako Matomo uporablja va\u0161e podatke, si lahko preberete na <a href=\"https:\/\/matomo.org\/gdpr-analytics\/\" target=\"_blank\" rel=\"noreferrer noopener\">povezavi<\/a>.<\/p>\n\n\n\n<p><strong>Va\u0161e mo\u017enosti<\/strong><\/p>\n\n\n\n<p>Imate mo\u017enost nadzorovati in upravljati pi\u0161kotke. Ve\u010dina brskalnikov vam omogo\u010da blokiranje pi\u0161kotkov, izbiro posameznih pi\u0161kotkov ali izbris vseh pi\u0161kotkov. Oglejte si nastavitve va\u0161ega brskalnika, kjer lahko upravljate s pi\u0161kotki.<\/p>\n\n\n\n<p><strong>Spremembe politike<\/strong> <strong>pi\u0161kotkov<\/strong><\/p>\n\n\n\n<p>Ob\u010dasno lahko posodobimo to politiko. Vse spremembe bodo objavljene na tej strani, zato vas prosimo, da redno preverjate to politiko. \u010ce imate kakr\u0161nakoli dodatna vpra\u0161anja glede pi\u0161kotkov, se lahko na nas obrnete preko elektronske po\u0161te: <strong>ekipa@meteoinfo.si<\/strong>.<\/p>\n\n\n\n<p>\u010ce &#8220;pi\u0161kotkov&#8221; ne sprejmete, nekatere spletne strani morda ne bodo prikazane pravilno ali pa vam ne bo omogo\u010den dostop do vseh informacij ali funkcionalnosti spletnih strani.<\/p>\n\n\n\n<hr class=\"wp-block-separator has-text-color has-gridlove-bg-color has-alpha-channel-opacity has-gridlove-bg-background-color has-background is-style-wide\"\/>\n","protected":false},"excerpt":{"rendered":"<p>Omejitev odgovornosti Sistem informiranja o predvidenih vremenskih razmerah na na\u0161ih straneh&nbsp;ne&nbsp;velja kot opozorilni sistem. Napovedi, zemljevidi in podatki, ki so dosegljivi na tej spletni strani in na dru\u017ebenih omre\u017ejih Meteoinfo Slovenija, so neuradni ter informativne narave, zato ne odgovarjamo za morebitna odstopanja, napa\u010dne interpretacije ter nastalo \u0161kodo ob vremenskih dogodkih ali ob ukrepih za za\u0161\u010dito [&hellip;]<\/p>\n","protected":false},"author":5,"featured_media":0,"parent":0,"menu_order":0,"comment_status":"closed","ping_status":"closed","template":"","meta":{"footnotes":""},"class_list":["post-99","page","type-page","status-publish","hentry"],"yoast_head":"<!-- This site is optimized with the Yoast SEO plugin v27.5 - https:\/\/yoast.com\/product\/yoast-seo-wordpress\/ -->\n<title>Pogoji uporabe - Meteoinfo Slovenija<\/title>\n<meta name=\"robots\" content=\"index, follow, max-snippet:-1, max-image-preview:large, max-video-preview:-1\" \/>\n<link rel=\"canonical\" href=\"https:\/\/meteoinfo.si\/en\/pogoji-uporabe\/\" \/>\n<meta property=\"og:locale\" content=\"en_US\" \/>\n<meta property=\"og:locale:alternate\" content=\"sl_SI\" \/>\n<meta property=\"og:type\" content=\"article\" \/>\n<meta property=\"og:title\" content=\"Pogoji uporabe - Meteoinfo Slovenija\" \/>\n<meta property=\"og:description\" content=\"Omejitev odgovornosti Sistem informiranja o predvidenih vremenskih razmerah na na\u0161ih straneh&nbsp;ne&nbsp;velja kot opozorilni sistem. Napovedi, zemljevidi in podatki, ki so dosegljivi na tej spletni strani in na dru\u017ebenih omre\u017ejih Meteoinfo Slovenija, so neuradni ter informativne narave, zato ne odgovarjamo za morebitna odstopanja, napa\u010dne interpretacije ter nastalo \u0161kodo ob vremenskih dogodkih ali ob ukrepih za za\u0161\u010dito [&hellip;]\" \/>\n<meta property=\"og:url\" content=\"https:\/\/meteoinfo.si\/en\/pogoji-uporabe\/\" \/>\n<meta property=\"og:site_name\" content=\"Meteoinfo Slovenija\" \/>\n<meta property=\"article:publisher\" content=\"https:\/\/www.facebook.com\/meteoinfoslovenija\" \/>\n<meta property=\"article:modified_time\" content=\"2023-08-03T15:50:22+00:00\" \/>\n<meta name=\"twitter:card\" content=\"summary_large_image\" \/>\n<meta name=\"twitter:site\" content=\"@MeteoinfoSi\" \/>\n<meta name=\"twitter:label1\" content=\"Est. reading time\" \/>\n\t<meta name=\"twitter:data1\" content=\"5 minutes\" \/>\n<script type=\"application\/ld+json\" class=\"yoast-schema-graph\">{\"@context\":\"https:\\\/\\\/schema.org\",\"@graph\":[{\"@type\":\"WebPage\",\"@id\":\"https:\\\/\\\/meteoinfo.si\\\/pogoji-uporabe\\\/\",\"url\":\"https:\\\/\\\/meteoinfo.si\\\/pogoji-uporabe\\\/\",\"name\":\"Pogoji uporabe - Meteoinfo Slovenija\",\"isPartOf\":{\"@id\":\"https:\\\/\\\/meteoinfo.si\\\/#website\"},\"datePublished\":\"2023-05-10T19:29:21+00:00\",\"dateModified\":\"2023-08-03T15:50:22+00:00\",\"breadcrumb\":{\"@id\":\"https:\\\/\\\/meteoinfo.si\\\/pogoji-uporabe\\\/#breadcrumb\"},\"inLanguage\":\"en-US\",\"potentialAction\":[{\"@type\":\"ReadAction\",\"target\":[\"https:\\\/\\\/meteoinfo.si\\\/pogoji-uporabe\\\/\"]}]},{\"@type\":\"BreadcrumbList\",\"@id\":\"https:\\\/\\\/meteoinfo.si\\\/pogoji-uporabe\\\/#breadcrumb\",\"itemListElement\":[{\"@type\":\"ListItem\",\"position\":1,\"name\":\"Home\",\"item\":\"https:\\\/\\\/meteoinfo.si\\\/\"},{\"@type\":\"ListItem\",\"position\":2,\"name\":\"Pogoji uporabe\"}]},{\"@type\":\"WebSite\",\"@id\":\"https:\\\/\\\/meteoinfo.si\\\/#website\",\"url\":\"https:\\\/\\\/meteoinfo.si\\\/\",\"name\":\"Meteoinfo\",\"description\":\"Meteoinfo Slovenija je spletni portal skupine ljubiteljev opazovanja in prou\u010devanja ekstremnih vremenskih pojavov ter podnebja.\",\"publisher\":{\"@id\":\"https:\\\/\\\/meteoinfo.si\\\/#organization\"},\"potentialAction\":[{\"@type\":\"SearchAction\",\"target\":{\"@type\":\"EntryPoint\",\"urlTemplate\":\"https:\\\/\\\/meteoinfo.si\\\/?s={search_term_string}\"},\"query-input\":{\"@type\":\"PropertyValueSpecification\",\"valueRequired\":true,\"valueName\":\"search_term_string\"}}],\"inLanguage\":\"en-US\"},{\"@type\":\"Organization\",\"@id\":\"https:\\\/\\\/meteoinfo.si\\\/#organization\",\"name\":\"Meteoinfo Slovenija\",\"url\":\"https:\\\/\\\/meteoinfo.si\\\/\",\"logo\":{\"@type\":\"ImageObject\",\"inLanguage\":\"en-US\",\"@id\":\"https:\\\/\\\/meteoinfo.si\\\/#\\\/schema\\\/logo\\\/image\\\/\",\"url\":\"https:\\\/\\\/meteoinfo.si\\\/wp-content\\\/uploads\\\/2023\\\/08\\\/meteoinfo_logo.png\",\"contentUrl\":\"https:\\\/\\\/meteoinfo.si\\\/wp-content\\\/uploads\\\/2023\\\/08\\\/meteoinfo_logo.png\",\"width\":260,\"height\":27,\"caption\":\"Meteoinfo Slovenija\"},\"image\":{\"@id\":\"https:\\\/\\\/meteoinfo.si\\\/#\\\/schema\\\/logo\\\/image\\\/\"},\"sameAs\":[\"https:\\\/\\\/www.facebook.com\\\/meteoinfoslovenija\",\"https:\\\/\\\/x.com\\\/MeteoinfoSi\",\"https:\\\/\\\/www.instagram.com\\\/meteoinfo.si\\\/\",\"https:\\\/\\\/www.tiktok.com\\\/@meteoinfo.slo\"]}]}<\/script>\n<!-- \/ Yoast SEO plugin. -->","yoast_head_json":{"title":"Pogoji uporabe - Meteoinfo Slovenija","robots":{"index":"index","follow":"follow","max-snippet":"max-snippet:-1","max-image-preview":"max-image-preview:large","max-video-preview":"max-video-preview:-1"},"canonical":"https:\/\/meteoinfo.si\/en\/pogoji-uporabe\/","og_locale":"en_US","og_type":"article","og_title":"Pogoji uporabe - Meteoinfo Slovenija","og_description":"Omejitev odgovornosti Sistem informiranja o predvidenih vremenskih razmerah na na\u0161ih straneh&nbsp;ne&nbsp;velja kot opozorilni sistem. Napovedi, zemljevidi in podatki, ki so dosegljivi na tej spletni strani in na dru\u017ebenih omre\u017ejih Meteoinfo Slovenija, so neuradni ter informativne narave, zato ne odgovarjamo za morebitna odstopanja, napa\u010dne interpretacije ter nastalo \u0161kodo ob vremenskih dogodkih ali ob ukrepih za za\u0161\u010dito [&hellip;]","og_url":"https:\/\/meteoinfo.si\/en\/pogoji-uporabe\/","og_site_name":"Meteoinfo Slovenija","article_publisher":"https:\/\/www.facebook.com\/meteoinfoslovenija","article_modified_time":"2023-08-03T15:50:22+00:00","twitter_card":"summary_large_image","twitter_site":"@MeteoinfoSi","twitter_misc":{"Est. reading time":"5 minutes"},"schema":{"@context":"https:\/\/schema.org","@graph":[{"@type":"WebPage","@id":"https:\/\/meteoinfo.si\/pogoji-uporabe\/","url":"https:\/\/meteoinfo.si\/pogoji-uporabe\/","name":"Pogoji uporabe - Meteoinfo Slovenija","isPartOf":{"@id":"https:\/\/meteoinfo.si\/#website"},"datePublished":"2023-05-10T19:29:21+00:00","dateModified":"2023-08-03T15:50:22+00:00","breadcrumb":{"@id":"https:\/\/meteoinfo.si\/pogoji-uporabe\/#breadcrumb"},"inLanguage":"en-US","potentialAction":[{"@type":"ReadAction","target":["https:\/\/meteoinfo.si\/pogoji-uporabe\/"]}]},{"@type":"BreadcrumbList","@id":"https:\/\/meteoinfo.si\/pogoji-uporabe\/#breadcrumb","itemListElement":[{"@type":"ListItem","position":1,"name":"Home","item":"https:\/\/meteoinfo.si\/"},{"@type":"ListItem","position":2,"name":"Pogoji uporabe"}]},{"@type":"WebSite","@id":"https:\/\/meteoinfo.si\/#website","url":"https:\/\/meteoinfo.si\/","name":"Meteoinfo","description":"Meteoinfo Slovenija je spletni portal skupine ljubiteljev opazovanja in prou\u010devanja ekstremnih vremenskih pojavov ter podnebja.","publisher":{"@id":"https:\/\/meteoinfo.si\/#organization"},"potentialAction":[{"@type":"SearchAction","target":{"@type":"EntryPoint","urlTemplate":"https:\/\/meteoinfo.si\/?s={search_term_string}"},"query-input":{"@type":"PropertyValueSpecification","valueRequired":true,"valueName":"search_term_string"}}],"inLanguage":"en-US"},{"@type":"Organization","@id":"https:\/\/meteoinfo.si\/#organization","name":"Meteoinfo Slovenija","url":"https:\/\/meteoinfo.si\/","logo":{"@type":"ImageObject","inLanguage":"en-US","@id":"https:\/\/meteoinfo.si\/#\/schema\/logo\/image\/","url":"https:\/\/meteoinfo.si\/wp-content\/uploads\/2023\/08\/meteoinfo_logo.png","contentUrl":"https:\/\/meteoinfo.si\/wp-content\/uploads\/2023\/08\/meteoinfo_logo.png","width":260,"height":27,"caption":"Meteoinfo Slovenija"},"image":{"@id":"https:\/\/meteoinfo.si\/#\/schema\/logo\/image\/"},"sameAs":["https:\/\/www.facebook.com\/meteoinfoslovenija","https:\/\/x.com\/MeteoinfoSi","https:\/\/www.instagram.com\/meteoinfo.si\/","https:\/\/www.tiktok.com\/@meteoinfo.slo"]}]}},"_links":{"self":[{"href":"https:\/\/meteoinfo.si\/en\/wp-json\/wp\/v2\/pages\/99","targetHints":{"allow":["GET"]}}],"collection":[{"href":"https:\/\/meteoinfo.si\/en\/wp-json\/wp\/v2\/pages"}],"about":[{"href":"https:\/\/meteoinfo.si\/en\/wp-json\/wp\/v2\/types\/page"}],"author":[{"embeddable":true,"href":"https:\/\/meteoinfo.si\/en\/wp-json\/wp\/v2\/users\/5"}],"replies":[{"embeddable":true,"href":"https:\/\/meteoinfo.si\/en\/wp-json\/wp\/v2\/comments?post=99"}],"version-history":[{"count":23,"href":"https:\/\/meteoinfo.si\/en\/wp-json\/wp\/v2\/pages\/99\/revisions"}],"predecessor-version":[{"id":3958,"href":"https:\/\/meteoinfo.si\/en\/wp-json\/wp\/v2\/pages\/99\/revisions\/3958"}],"wp:attachment":[{"href":"https:\/\/meteoinfo.si\/en\/wp-json\/wp\/v2\/media?parent=99"}],"curies":[{"name":"wp","href":"https:\/\/api.w.org\/{rel}","templated":true}]}}