{"id":97,"date":"2023-05-10T21:29:12","date_gmt":"2023-05-10T19:29:12","guid":{"rendered":"https:\/\/meteoinfo.si\/?page_id=97"},"modified":"2025-11-24T14:46:09","modified_gmt":"2025-11-24T13:46:09","slug":"ekipa","status":"publish","type":"page","link":"https:\/\/meteoinfo.si\/en\/ekipa\/","title":{"rendered":"Ekipa"},"content":{"rendered":"\n<p>Pod nazivom Meteoinfo Slovenija smo se zdru\u017eili kot ekipa ljubiteljev in poznavalcev vremenoslovja, meteorologije, geografije, hidrografije in drugih posameznikov, katerih skupna strast je opazovanje, prou\u010devanje in napovedovanje vremena ter \u201clovljenje\u201d zanimivih, dih jemajo\u010dih in izjemnih vremenskih pojavov.<\/p>\n\n\n\n<p>\u010clani ekipe Meteoinfo Slovenija smo v prvi vrsti veliki ljubitelji opazovanja in preu\u010devanja vremenskih pojavov in pojavov, ki so z vremenom, meteorologijo oz. klimatologijo kakorkoli povezani, s poudarkom na ekstremnih in izstopajo\u010dih vremenskih pojavih. Prihajamo iz razli\u010dnih koncev Slovenije. Ekipo trenutno sestavlja 13 \u010dlanov, medse z veseljem sprejmemo tudi nove navdu\u0161ence nad vremenom.<\/p>\n\n\n\n<p>Del ekipe sestavljamo lovci na nevihte, ki &#8220;lovimo&#8221;, <a href=\"https:\/\/www.meteoinfo.si\/kategorije\/fotogalerija\/\" target=\"_blank\" rel=\"noreferrer noopener\">fotografiramo<\/a> in preu\u010dujemo pojave, ki so neposredno povezani s sezono poletnih neviht. Ob ekstremnej\u0161ih vremenskih dogodkih s terena poro\u010damo o dogajanju po Sloveniji in okolici.<\/p>\n\n\n\n<figure class=\"wp-block-image size-large\"><a class=\"gridlove-popup-img\" href=\"https:\/\/www.meteoinfo.si\/wp-content\/uploads\/2023\/07\/strele_kompozit_5.jpg\"><img loading=\"lazy\" decoding=\"async\" width=\"1024\" height=\"497\" src=\"https:\/\/www.meteoinfo.si\/wp-content\/uploads\/2023\/07\/strele_kompozit_5-1024x497.jpg\" alt=\"No\u010dna nevihta nad severnim Jadranom.\" class=\"wp-image-3870\" srcset=\"https:\/\/meteoinfo.si\/wp-content\/uploads\/2023\/07\/strele_kompozit_5-1024x497.jpg 1024w, https:\/\/meteoinfo.si\/wp-content\/uploads\/2023\/07\/strele_kompozit_5-300x146.jpg 300w, https:\/\/meteoinfo.si\/wp-content\/uploads\/2023\/07\/strele_kompozit_5-768x373.jpg 768w, https:\/\/meteoinfo.si\/wp-content\/uploads\/2023\/07\/strele_kompozit_5-1536x746.jpg 1536w, https:\/\/meteoinfo.si\/wp-content\/uploads\/2023\/07\/strele_kompozit_5-370x180.jpg 370w, https:\/\/meteoinfo.si\/wp-content\/uploads\/2023\/07\/strele_kompozit_5-270x131.jpg 270w, https:\/\/meteoinfo.si\/wp-content\/uploads\/2023\/07\/strele_kompozit_5-570x277.jpg 570w, https:\/\/meteoinfo.si\/wp-content\/uploads\/2023\/07\/strele_kompozit_5-740x359.jpg 740w, https:\/\/meteoinfo.si\/wp-content\/uploads\/2023\/07\/strele_kompozit_5.jpg 1920w\" sizes=\"auto, (max-width: 1024px) 100vw, 1024px\" \/><\/a><figcaption class=\"wp-element-caption\">No\u010dna nevihta nad severnim Jadranom. Foto: Domen Svetlin<\/figcaption><\/figure>\n\n\n\n<h2 class=\"wp-block-heading has-large-font-size\">Nastanek ekipe<\/h2>\n\n\n\n<p>Ekipa Meteoinfo Slovenija je nastala ob koncu poletne sezone 2022. Mo\u010di smo zdru\u017eili nekdanji aktivni \u010dlani javnosti bolj znanega spletnega portala Neurje.si ter \u0161e nekateri drugi ljubitelji vremenskih pojavov. Ve\u017ee nas \u017eelja po obve\u0161\u010danju in ozave\u0161\u010danju javnosti o vremenskem dogajanju v Sloveniji in na\u0161i neposredni okolici.<\/p>\n\n\n\n<h2 class=\"wp-block-heading has-large-font-size\">\u010clani ekipe<\/h2>\n\n\n\n<p>Ekipa Meteoinfo Slovenija zdru\u017euje naslednje \u010dlane: Rok Nosan, Amadej Krepek, Ale\u0161 Rozman, Domen Svetlin, <a href=\"https:\/\/www.nejctrampuz.com\/si\/\">Nejc Trampu\u017e,<\/a> Tim Gre\u0161ak, Matej \u0160tegar, David Florjan\u010di\u010d, Gregor Bo\u017ei\u010d, Amadej Bernard, Anthony Paul Smaga, Jure Batagelj, Primo\u017e Ribari\u010d, Matej Knez in Sandi Kelc.<\/p>\n\n\n\n<figure class=\"wp-block-image size-large\"><a class=\"gridlove-popup-img\" href=\"https:\/\/www.meteoinfo.si\/wp-content\/uploads\/2023\/06\/DJI_0626-Large.jpg\"><img loading=\"lazy\" decoding=\"async\" width=\"1024\" height=\"768\" src=\"https:\/\/www.meteoinfo.si\/wp-content\/uploads\/2023\/06\/DJI_0626-Large-1024x768.jpg\" alt=\"Ekipa Meteoinfo Sloveniija na prvem pikniku\" class=\"wp-image-2965\" srcset=\"https:\/\/meteoinfo.si\/wp-content\/uploads\/2023\/06\/DJI_0626-Large-1024x768.jpg 1024w, https:\/\/meteoinfo.si\/wp-content\/uploads\/2023\/06\/DJI_0626-Large-300x225.jpg 300w, https:\/\/meteoinfo.si\/wp-content\/uploads\/2023\/06\/DJI_0626-Large-768x576.jpg 768w, https:\/\/meteoinfo.si\/wp-content\/uploads\/2023\/06\/DJI_0626-Large-370x278.jpg 370w, https:\/\/meteoinfo.si\/wp-content\/uploads\/2023\/06\/DJI_0626-Large-270x203.jpg 270w, https:\/\/meteoinfo.si\/wp-content\/uploads\/2023\/06\/DJI_0626-Large-570x428.jpg 570w, https:\/\/meteoinfo.si\/wp-content\/uploads\/2023\/06\/DJI_0626-Large-740x555.jpg 740w, https:\/\/meteoinfo.si\/wp-content\/uploads\/2023\/06\/DJI_0626-Large-80x60.jpg 80w, https:\/\/meteoinfo.si\/wp-content\/uploads\/2023\/06\/DJI_0626-Large.jpg 1440w\" sizes=\"auto, (max-width: 1024px) 100vw, 1024px\" \/><\/a><figcaption class=\"wp-element-caption\">Prvi piknik ekipe Meteoinfo Slovenija. Foto: Matej \u0160tegar<\/figcaption><\/figure>\n\n\n\n<h2 class=\"wp-block-heading has-large-font-size\">Kakovostne informacije<\/h2>\n\n\n\n<p>Na spletni strani <a href=\"https:\/\/www.meteoinfo.si\/\" target=\"_blank\" rel=\"noreferrer noopener\">Meteoinfo Slovenija<\/a> in na na\u0161ih <a href=\"https:\/\/www.facebook.com\/meteoinfoslovenija\/\" target=\"_blank\" rel=\"noreferrer noopener\">dru\u017ebenih omre\u017ejih<\/a> vam ponujamo kakovostne informacije o vremenu, napovedi, nasvete in druge zanimivosti s tega podro\u010dja. Najdete lahko tudi izobra\u017eevalne vsebine, s katerimi se trudimo na zanimiv in poljuden na\u010din vremenske pojave pribli\u017eati naj\u0161ir\u0161emu krogu bralcev.<\/p>\n\n\n\n<h2 class=\"wp-block-heading has-large-font-size\">Na\u0161i produkti<\/h2>\n\n\n\n<p>Za obmo\u010dje Slovenije in okolice pripravljamo:<\/p>\n\n\n\n<ul class=\"wp-block-list\">\n<li><a href=\"https:\/\/www.meteoinfo.si\/kategorije\/splosne-napovedi\/\" target=\"_blank\" rel=\"noreferrer noopener\">splo\u0161ne vremenske napovedi<\/a>;<\/li>\n\n\n\n<li>posebne napovedi vremenskih pojavov s poudarkom na <a href=\"https:\/\/www.meteoinfo.si\/kategorije\/napoved-neviht\/\" target=\"_blank\" rel=\"noreferrer noopener\">nevihtah<\/a>, obilnih padavinah ter <a href=\"https:\/\/www.meteoinfo.si\/kategorije\/napoved-snega\/\" target=\"_blank\" rel=\"noreferrer noopener\">vi\u0161ini novozapadlega snega<\/a>;<\/li>\n\n\n\n<li><a href=\"https:\/\/www.facebook.com\/meteoinfoslovenija\/\" target=\"_blank\" rel=\"noreferrer noopener\">objave<\/a> z namenom obve\u0161\u010danja o trenutnem stanju (pri tem nam lahko pomagate s po\u0161iljanjem fotografij, videoposnetkov ter informacij o vremenu pri vas);<\/li>\n\n\n\n<li><a href=\"https:\/\/www.meteoinfo.si\/kategorije\/porocila\/\" target=\"_blank\" rel=\"noreferrer noopener\">analize in razlage izjemnih vremenskih pojavov<\/a>.<\/li>\n<\/ul>\n\n\n\n<figure class=\"wp-block-image size-large\"><a class=\"gridlove-popup-img\" href=\"https:\/\/www.meteoinfo.si\/wp-content\/uploads\/2023\/07\/144237986_1708418249365929_4699384569689468320_n-1.jpg\"><img loading=\"lazy\" decoding=\"async\" width=\"1024\" height=\"681\" src=\"https:\/\/www.meteoinfo.si\/wp-content\/uploads\/2023\/07\/144237986_1708418249365929_4699384569689468320_n-1-1024x681.jpg\" alt=\"Glorija na Javorniku.\" class=\"wp-image-3565\" srcset=\"https:\/\/meteoinfo.si\/wp-content\/uploads\/2023\/07\/144237986_1708418249365929_4699384569689468320_n-1-1024x681.jpg 1024w, https:\/\/meteoinfo.si\/wp-content\/uploads\/2023\/07\/144237986_1708418249365929_4699384569689468320_n-1-300x200.jpg 300w, https:\/\/meteoinfo.si\/wp-content\/uploads\/2023\/07\/144237986_1708418249365929_4699384569689468320_n-1-768x511.jpg 768w, https:\/\/meteoinfo.si\/wp-content\/uploads\/2023\/07\/144237986_1708418249365929_4699384569689468320_n-1-1536x1022.jpg 1536w, https:\/\/meteoinfo.si\/wp-content\/uploads\/2023\/07\/144237986_1708418249365929_4699384569689468320_n-1-370x246.jpg 370w, https:\/\/meteoinfo.si\/wp-content\/uploads\/2023\/07\/144237986_1708418249365929_4699384569689468320_n-1-270x180.jpg 270w, https:\/\/meteoinfo.si\/wp-content\/uploads\/2023\/07\/144237986_1708418249365929_4699384569689468320_n-1-570x379.jpg 570w, https:\/\/meteoinfo.si\/wp-content\/uploads\/2023\/07\/144237986_1708418249365929_4699384569689468320_n-1-740x492.jpg 740w, https:\/\/meteoinfo.si\/wp-content\/uploads\/2023\/07\/144237986_1708418249365929_4699384569689468320_n-1.jpg 1920w\" sizes=\"auto, (max-width: 1024px) 100vw, 1024px\" \/><\/a><figcaption class=\"wp-element-caption\">Glorija na Javorniku. Foto: Rok Nosan<\/figcaption><\/figure>\n\n\n\n<h2 class=\"wp-block-heading has-large-font-size\">Na\u0161e poslanstvo<\/h2>\n\n\n\n<p>Vreme kroji vsakdan vseh nas. Na podlagi vremenske napovedi la\u017eje na\u010drtujemo svoje dejavnosti. Od vremena je odvisno, kaj bomo zjutraj oblekli in nenazadnje, vreme vpliva tudi na na\u0161e po\u010dutje. Ekstremni vremenski dogodki vsako leto povzro\u010dijo veliko \u0161kode, zaradi podnebnih sprememb pa bodo tovrstni dogodki v prihodnosti \u0161e pogostej\u0161i in silovitej\u0161i. Prav zato \u017eelimo ozave\u0161\u010dati tudi o pomenu <strong>varovanja okolja<\/strong> ter o <strong>podnebnih spremembah<\/strong>, ki so najve\u010dji izziv dana\u0161njega \u010dasa, saj posredno vplivajo na \u0161tevilne vidike na\u0161ega \u017eivljenja.<\/p>\n\n\n\n<p>Menimo, da lahko z na\u0161o dejavnostjo, zanimanjem, znanjem in izku\u0161njami neposredno ali posredno vplivamo na ozave\u0161\u010danje in obve\u0161\u010danje javnosti o vremenskem dogajanju po Sloveniji ter ob nevarnej\u0161ih vremenskih pojavih s svojimi napovedmi pripomoremo k zmanj\u0161evanju morebitne \u0161kode, ki jo povzro\u010dijo ekstremni vremenski dogodki.<\/p>\n\n\n\n<figure class=\"wp-block-image size-large\"><a class=\"gridlove-popup-img\" href=\"https:\/\/www.meteoinfo.si\/wp-content\/uploads\/2023\/06\/file001048-Large.jpg\"><img loading=\"lazy\" decoding=\"async\" width=\"1024\" height=\"683\" src=\"https:\/\/www.meteoinfo.si\/wp-content\/uploads\/2023\/06\/file001048-Large-1024x683.jpg\" alt=\"Superceli\u010dna nevihta nad Dravskim poljem\" class=\"wp-image-2968\" srcset=\"https:\/\/meteoinfo.si\/wp-content\/uploads\/2023\/06\/file001048-Large-1024x683.jpg 1024w, https:\/\/meteoinfo.si\/wp-content\/uploads\/2023\/06\/file001048-Large-300x200.jpg 300w, https:\/\/meteoinfo.si\/wp-content\/uploads\/2023\/06\/file001048-Large-768x512.jpg 768w, https:\/\/meteoinfo.si\/wp-content\/uploads\/2023\/06\/file001048-Large-1536x1024.jpg 1536w, https:\/\/meteoinfo.si\/wp-content\/uploads\/2023\/06\/file001048-Large-370x247.jpg 370w, https:\/\/meteoinfo.si\/wp-content\/uploads\/2023\/06\/file001048-Large-270x180.jpg 270w, https:\/\/meteoinfo.si\/wp-content\/uploads\/2023\/06\/file001048-Large-570x380.jpg 570w, https:\/\/meteoinfo.si\/wp-content\/uploads\/2023\/06\/file001048-Large-740x493.jpg 740w, https:\/\/meteoinfo.si\/wp-content\/uploads\/2023\/06\/file001048-Large.jpg 1620w\" sizes=\"auto, (max-width: 1024px) 100vw, 1024px\" \/><\/a><figcaption class=\"wp-element-caption\">Superceli\u010dna nevihta nad Dravskim poljem. Foto: Ale\u0161 Rozman<\/figcaption><\/figure>\n","protected":false},"excerpt":{"rendered":"<p>Pod nazivom Meteoinfo Slovenija smo se zdru\u017eili kot ekipa ljubiteljev in poznavalcev vremenoslovja, meteorologije, geografije, hidrografije in drugih posameznikov, katerih skupna strast je opazovanje, prou\u010devanje in napovedovanje vremena ter \u201clovljenje\u201d zanimivih, dih jemajo\u010dih in izjemnih vremenskih pojavov. \u010clani ekipe Meteoinfo Slovenija smo v prvi vrsti veliki ljubitelji opazovanja in preu\u010devanja vremenskih pojavov in pojavov, ki [&hellip;]<\/p>\n","protected":false},"author":5,"featured_media":0,"parent":0,"menu_order":0,"comment_status":"closed","ping_status":"closed","template":"","meta":{"footnotes":""},"class_list":["post-97","page","type-page","status-publish","hentry"],"yoast_head":"<!-- This site is optimized with the Yoast SEO plugin v27.5 - https:\/\/yoast.com\/product\/yoast-seo-wordpress\/ -->\n<title>Ekipa - Meteoinfo Slovenija<\/title>\n<meta name=\"description\" content=\"Pod nazivom Meteoinfo Slovenija smo se zdru\u017eili kot ekipa ljubiteljev in poznavalcev vremenoslovja, meteorologije, geografije, hidrografije.\" \/>\n<meta name=\"robots\" content=\"index, follow, max-snippet:-1, max-image-preview:large, max-video-preview:-1\" \/>\n<link rel=\"canonical\" href=\"https:\/\/meteoinfo.si\/en\/ekipa\/\" \/>\n<meta property=\"og:locale\" content=\"en_US\" \/>\n<meta property=\"og:locale:alternate\" content=\"sl_SI\" \/>\n<meta property=\"og:type\" content=\"article\" \/>\n<meta property=\"og:title\" content=\"Ekipa - Meteoinfo Slovenija\" \/>\n<meta property=\"og:description\" content=\"Pod nazivom Meteoinfo Slovenija smo se zdru\u017eili kot ekipa ljubiteljev in poznavalcev vremenoslovja, meteorologije, geografije, hidrografije.\" \/>\n<meta property=\"og:url\" content=\"https:\/\/meteoinfo.si\/en\/ekipa\/\" \/>\n<meta property=\"og:site_name\" content=\"Meteoinfo Slovenija\" \/>\n<meta property=\"article:publisher\" content=\"https:\/\/www.facebook.com\/meteoinfoslovenija\" \/>\n<meta property=\"article:modified_time\" content=\"2025-11-24T13:46:09+00:00\" \/>\n<meta property=\"og:image\" content=\"https:\/\/meteoinfo.si\/wp-content\/uploads\/2023\/07\/strele_kompozit_5.jpg\" \/>\n\t<meta property=\"og:image:width\" content=\"1920\" \/>\n\t<meta property=\"og:image:height\" content=\"932\" \/>\n\t<meta property=\"og:image:type\" content=\"image\/jpeg\" \/>\n<meta name=\"twitter:card\" content=\"summary_large_image\" \/>\n<meta name=\"twitter:site\" content=\"@MeteoinfoSi\" \/>\n<meta name=\"twitter:label1\" content=\"Est. reading time\" \/>\n\t<meta name=\"twitter:data1\" content=\"4 minutes\" \/>\n<script type=\"application\/ld+json\" class=\"yoast-schema-graph\">{\"@context\":\"https:\\\/\\\/schema.org\",\"@graph\":[{\"@type\":\"WebPage\",\"@id\":\"https:\\\/\\\/meteoinfo.si\\\/ekipa\\\/\",\"url\":\"https:\\\/\\\/meteoinfo.si\\\/ekipa\\\/\",\"name\":\"Ekipa - Meteoinfo Slovenija\",\"isPartOf\":{\"@id\":\"https:\\\/\\\/meteoinfo.si\\\/#website\"},\"primaryImageOfPage\":{\"@id\":\"https:\\\/\\\/meteoinfo.si\\\/ekipa\\\/#primaryimage\"},\"image\":{\"@id\":\"https:\\\/\\\/meteoinfo.si\\\/ekipa\\\/#primaryimage\"},\"thumbnailUrl\":\"https:\\\/\\\/www.meteoinfo.si\\\/wp-content\\\/uploads\\\/2023\\\/07\\\/strele_kompozit_5-1024x497.jpg\",\"datePublished\":\"2023-05-10T19:29:12+00:00\",\"dateModified\":\"2025-11-24T13:46:09+00:00\",\"description\":\"Pod nazivom Meteoinfo Slovenija smo se zdru\u017eili kot ekipa ljubiteljev in poznavalcev vremenoslovja, meteorologije, geografije, hidrografije.\",\"breadcrumb\":{\"@id\":\"https:\\\/\\\/meteoinfo.si\\\/ekipa\\\/#breadcrumb\"},\"inLanguage\":\"en-US\",\"potentialAction\":[{\"@type\":\"ReadAction\",\"target\":[\"https:\\\/\\\/meteoinfo.si\\\/ekipa\\\/\"]}]},{\"@type\":\"ImageObject\",\"inLanguage\":\"en-US\",\"@id\":\"https:\\\/\\\/meteoinfo.si\\\/ekipa\\\/#primaryimage\",\"url\":\"https:\\\/\\\/www.meteoinfo.si\\\/wp-content\\\/uploads\\\/2023\\\/07\\\/strele_kompozit_5-1024x497.jpg\",\"contentUrl\":\"https:\\\/\\\/www.meteoinfo.si\\\/wp-content\\\/uploads\\\/2023\\\/07\\\/strele_kompozit_5-1024x497.jpg\"},{\"@type\":\"BreadcrumbList\",\"@id\":\"https:\\\/\\\/meteoinfo.si\\\/ekipa\\\/#breadcrumb\",\"itemListElement\":[{\"@type\":\"ListItem\",\"position\":1,\"name\":\"Home\",\"item\":\"https:\\\/\\\/meteoinfo.si\\\/\"},{\"@type\":\"ListItem\",\"position\":2,\"name\":\"Ekipa\"}]},{\"@type\":\"WebSite\",\"@id\":\"https:\\\/\\\/meteoinfo.si\\\/#website\",\"url\":\"https:\\\/\\\/meteoinfo.si\\\/\",\"name\":\"Meteoinfo\",\"description\":\"Meteoinfo Slovenija je spletni portal skupine ljubiteljev opazovanja in prou\u010devanja ekstremnih vremenskih pojavov ter podnebja.\",\"publisher\":{\"@id\":\"https:\\\/\\\/meteoinfo.si\\\/#organization\"},\"potentialAction\":[{\"@type\":\"SearchAction\",\"target\":{\"@type\":\"EntryPoint\",\"urlTemplate\":\"https:\\\/\\\/meteoinfo.si\\\/?s={search_term_string}\"},\"query-input\":{\"@type\":\"PropertyValueSpecification\",\"valueRequired\":true,\"valueName\":\"search_term_string\"}}],\"inLanguage\":\"en-US\"},{\"@type\":\"Organization\",\"@id\":\"https:\\\/\\\/meteoinfo.si\\\/#organization\",\"name\":\"Meteoinfo Slovenija\",\"url\":\"https:\\\/\\\/meteoinfo.si\\\/\",\"logo\":{\"@type\":\"ImageObject\",\"inLanguage\":\"en-US\",\"@id\":\"https:\\\/\\\/meteoinfo.si\\\/#\\\/schema\\\/logo\\\/image\\\/\",\"url\":\"https:\\\/\\\/meteoinfo.si\\\/wp-content\\\/uploads\\\/2023\\\/08\\\/meteoinfo_logo.png\",\"contentUrl\":\"https:\\\/\\\/meteoinfo.si\\\/wp-content\\\/uploads\\\/2023\\\/08\\\/meteoinfo_logo.png\",\"width\":260,\"height\":27,\"caption\":\"Meteoinfo Slovenija\"},\"image\":{\"@id\":\"https:\\\/\\\/meteoinfo.si\\\/#\\\/schema\\\/logo\\\/image\\\/\"},\"sameAs\":[\"https:\\\/\\\/www.facebook.com\\\/meteoinfoslovenija\",\"https:\\\/\\\/x.com\\\/MeteoinfoSi\",\"https:\\\/\\\/www.instagram.com\\\/meteoinfo.si\\\/\",\"https:\\\/\\\/www.tiktok.com\\\/@meteoinfo.slo\"]}]}<\/script>\n<!-- \/ Yoast SEO plugin. -->","yoast_head_json":{"title":"Ekipa - Meteoinfo Slovenija","description":"Pod nazivom Meteoinfo Slovenija smo se zdru\u017eili kot ekipa ljubiteljev in poznavalcev vremenoslovja, meteorologije, geografije, hidrografije.","robots":{"index":"index","follow":"follow","max-snippet":"max-snippet:-1","max-image-preview":"max-image-preview:large","max-video-preview":"max-video-preview:-1"},"canonical":"https:\/\/meteoinfo.si\/en\/ekipa\/","og_locale":"en_US","og_type":"article","og_title":"Ekipa - Meteoinfo Slovenija","og_description":"Pod nazivom Meteoinfo Slovenija smo se zdru\u017eili kot ekipa ljubiteljev in poznavalcev vremenoslovja, meteorologije, geografije, hidrografije.","og_url":"https:\/\/meteoinfo.si\/en\/ekipa\/","og_site_name":"Meteoinfo Slovenija","article_publisher":"https:\/\/www.facebook.com\/meteoinfoslovenija","article_modified_time":"2025-11-24T13:46:09+00:00","og_image":[{"width":1920,"height":932,"url":"https:\/\/meteoinfo.si\/wp-content\/uploads\/2023\/07\/strele_kompozit_5.jpg","type":"image\/jpeg"}],"twitter_card":"summary_large_image","twitter_site":"@MeteoinfoSi","twitter_misc":{"Est. reading time":"4 minutes"},"schema":{"@context":"https:\/\/schema.org","@graph":[{"@type":"WebPage","@id":"https:\/\/meteoinfo.si\/ekipa\/","url":"https:\/\/meteoinfo.si\/ekipa\/","name":"Ekipa - Meteoinfo Slovenija","isPartOf":{"@id":"https:\/\/meteoinfo.si\/#website"},"primaryImageOfPage":{"@id":"https:\/\/meteoinfo.si\/ekipa\/#primaryimage"},"image":{"@id":"https:\/\/meteoinfo.si\/ekipa\/#primaryimage"},"thumbnailUrl":"https:\/\/www.meteoinfo.si\/wp-content\/uploads\/2023\/07\/strele_kompozit_5-1024x497.jpg","datePublished":"2023-05-10T19:29:12+00:00","dateModified":"2025-11-24T13:46:09+00:00","description":"Pod nazivom Meteoinfo Slovenija smo se zdru\u017eili kot ekipa ljubiteljev in poznavalcev vremenoslovja, meteorologije, geografije, hidrografije.","breadcrumb":{"@id":"https:\/\/meteoinfo.si\/ekipa\/#breadcrumb"},"inLanguage":"en-US","potentialAction":[{"@type":"ReadAction","target":["https:\/\/meteoinfo.si\/ekipa\/"]}]},{"@type":"ImageObject","inLanguage":"en-US","@id":"https:\/\/meteoinfo.si\/ekipa\/#primaryimage","url":"https:\/\/www.meteoinfo.si\/wp-content\/uploads\/2023\/07\/strele_kompozit_5-1024x497.jpg","contentUrl":"https:\/\/www.meteoinfo.si\/wp-content\/uploads\/2023\/07\/strele_kompozit_5-1024x497.jpg"},{"@type":"BreadcrumbList","@id":"https:\/\/meteoinfo.si\/ekipa\/#breadcrumb","itemListElement":[{"@type":"ListItem","position":1,"name":"Home","item":"https:\/\/meteoinfo.si\/"},{"@type":"ListItem","position":2,"name":"Ekipa"}]},{"@type":"WebSite","@id":"https:\/\/meteoinfo.si\/#website","url":"https:\/\/meteoinfo.si\/","name":"Meteoinfo","description":"Meteoinfo Slovenija je spletni portal skupine ljubiteljev opazovanja in prou\u010devanja ekstremnih vremenskih pojavov ter podnebja.","publisher":{"@id":"https:\/\/meteoinfo.si\/#organization"},"potentialAction":[{"@type":"SearchAction","target":{"@type":"EntryPoint","urlTemplate":"https:\/\/meteoinfo.si\/?s={search_term_string}"},"query-input":{"@type":"PropertyValueSpecification","valueRequired":true,"valueName":"search_term_string"}}],"inLanguage":"en-US"},{"@type":"Organization","@id":"https:\/\/meteoinfo.si\/#organization","name":"Meteoinfo Slovenija","url":"https:\/\/meteoinfo.si\/","logo":{"@type":"ImageObject","inLanguage":"en-US","@id":"https:\/\/meteoinfo.si\/#\/schema\/logo\/image\/","url":"https:\/\/meteoinfo.si\/wp-content\/uploads\/2023\/08\/meteoinfo_logo.png","contentUrl":"https:\/\/meteoinfo.si\/wp-content\/uploads\/2023\/08\/meteoinfo_logo.png","width":260,"height":27,"caption":"Meteoinfo Slovenija"},"image":{"@id":"https:\/\/meteoinfo.si\/#\/schema\/logo\/image\/"},"sameAs":["https:\/\/www.facebook.com\/meteoinfoslovenija","https:\/\/x.com\/MeteoinfoSi","https:\/\/www.instagram.com\/meteoinfo.si\/","https:\/\/www.tiktok.com\/@meteoinfo.slo"]}]}},"_links":{"self":[{"href":"https:\/\/meteoinfo.si\/en\/wp-json\/wp\/v2\/pages\/97","targetHints":{"allow":["GET"]}}],"collection":[{"href":"https:\/\/meteoinfo.si\/en\/wp-json\/wp\/v2\/pages"}],"about":[{"href":"https:\/\/meteoinfo.si\/en\/wp-json\/wp\/v2\/types\/page"}],"author":[{"embeddable":true,"href":"https:\/\/meteoinfo.si\/en\/wp-json\/wp\/v2\/users\/5"}],"replies":[{"embeddable":true,"href":"https:\/\/meteoinfo.si\/en\/wp-json\/wp\/v2\/comments?post=97"}],"version-history":[{"count":32,"href":"https:\/\/meteoinfo.si\/en\/wp-json\/wp\/v2\/pages\/97\/revisions"}],"predecessor-version":[{"id":13592,"href":"https:\/\/meteoinfo.si\/en\/wp-json\/wp\/v2\/pages\/97\/revisions\/13592"}],"wp:attachment":[{"href":"https:\/\/meteoinfo.si\/en\/wp-json\/wp\/v2\/media?parent=97"}],"curies":[{"name":"wp","href":"https:\/\/api.w.org\/{rel}","templated":true}]}}