{"id":81,"date":"2023-05-10T21:27:05","date_gmt":"2023-05-10T19:27:05","guid":{"rendered":"https:\/\/meteoinfo.si\/?page_id=81"},"modified":"2025-11-11T11:06:10","modified_gmt":"2025-11-11T10:06:10","slug":"satelitska-slika-oblacnosti","status":"publish","type":"page","link":"https:\/\/meteoinfo.si\/en\/satelitska-slika-oblacnosti\/","title":{"rendered":"Satelitska slika obla\u010dnosti"},"content":{"rendered":"\n<figure class=\"wp-block-image size-large\"><a class=\"gridlove-popup-img\" href=\"https:\/\/radar.vreme-podnebje.si\/images\/satelitska_slika_rgb.png\"><img decoding=\"async\" src=\"https:\/\/radar.vreme-podnebje.si\/images\/satelitska_slika_rgb.png\" alt=\"\"\/><\/a><\/figure>\n\n\n\n<figure class=\"wp-block-image size-large\"><a class=\"gridlove-popup-img\" href=\"https:\/\/radar.vreme-podnebje.si\/images\/satelitska_animacija_rgb.gif\"><img decoding=\"async\" src=\"https:\/\/radar.vreme-podnebje.si\/images\/satelitska_animacija_rgb.gif\" alt=\"\"\/><\/a><\/figure>\n\n\n\n<p>Barvna satelitska slika GeoColour RGB je vizualizacija, ki zdru\u017euje ve\u010d satelitskih posnetkov s stati\u010dnim zemljevidom. V svetlem delu dneva so prikazani satelitski posnetki RGB True Colour, ki prikazujejo naravne barve Zemlje in atmosfere \u010dez dan. Kanali, ob\u010dutljivi na rde\u010do, zeleno in modro vidno svetlobo, so prikazani v ustreznih barvnih odtenkih, kar daje realisti\u010dne barve, ki posnemajo \u010dlovekov vid s prostim o\u010desom. Pono\u010di se uporablja infrarde\u010d (IR) kanal za srednjo in visoko obla\u010dnost (sivi do beli odtenki) ter dodaten sloj za prikaz megle in nizke obla\u010dnosti (modrikasti odtenki). Prikazana obla\u010dnost v no\u010dnem \u010dasu je delno prosojna in postavljena \u010dez stati\u010dno ozadje &#8220;NASA Black Marble&#8221;, ki prikazuje vidne svetlobne vire, kot so mestne lu\u010di, po\u017eari in druga umetna osvetlitev. Ozadje je stati\u010den sloj, kar pomeni, da ne odra\u017ea dejanskega stanja v \u010dasu zajema satelitskih posnetkov obla\u010dnosti.<\/p>\n\n\n\n<hr class=\"wp-block-separator has-text-color has-gridlove-bg-color has-alpha-channel-opacity has-gridlove-bg-background-color has-background is-style-wide\"\/>\n\n\n\n<p><strong>Infrarde\u010da satelitska slika obla\u010dnosti nad obmo\u010djem Alp in Jadrana (Meteoinfo)<\/strong><\/p>\n\n\n\n<figure class=\"wp-block-image size-large\"><a class=\"gridlove-popup-img\" href=\"https:\/\/radar.vreme-podnebje.si\/images\/satelitska_slika_ir.png\"><img decoding=\"async\" src=\"https:\/\/radar.vreme-podnebje.si\/images\/satelitska_slika_ir.png\" alt=\"\"\/><\/a><\/figure>\n\n\n\n<figure class=\"wp-block-image size-large\"><a class=\"gridlove-popup-img\" href=\"https:\/\/radar.vreme-podnebje.si\/images\/satelitska_animacija_ir.gif\"><img decoding=\"async\" src=\"https:\/\/radar.vreme-podnebje.si\/images\/satelitska_animacija_ir.gif\" alt=\"\"\/><\/a><\/figure>\n\n\n\n<p>Infrarde\u010da satelitska slika FCI HRFI IR10.5 prikazuje toploto, ki jo Zemlja in oblaki oddajajo pri valovni dol\u017eini 10,5 \u00b5m v infrarde\u010dem spektru. Gre za kanal, ob\u010dutljiv na sevanje iz vi\u0161jih plasti atmosfere, zato je posebej uporaben za zaznavanje srednje in visoke obla\u010dnosti. Ker IR10.5 deluje neodvisno od son\u010dne svetlobe, omogo\u010da stalno (24-urno) opazovanje, tudi pono\u010di. Vi\u0161je in hladnej\u0161e oblake prika\u017ee v svetlej\u0161ih (belih) odtenkih, medtem ko imajo ni\u017eji in toplej\u0161i oblaki temnej\u0161e (sive) odtenke. Slika je del produkcije satelita Meteosat tretje generacije (MTG-I1) in je na voljo v visoki prostorski lo\u010dljivosti (1 km).<\/p>\n\n\n\n<hr class=\"wp-block-separator has-text-color has-gridlove-bg-color has-alpha-channel-opacity has-gridlove-bg-background-color has-background is-style-wide\"\/>\n\n\n\n<p><strong>Satelitska animacija obla\u010dnosti nad obmo\u010djem Italije in okolice (<a href=\"https:\/\/www.meteociel.fr\/observations-meteo\/satellite.php?region=it&amp;mode=animation-visible-italie\" target=\"_blank\" rel=\"noreferrer noopener\">Meteociel<\/a>)<\/strong><\/p>\n\n\n\n<figure class=\"wp-block-image size-large\"><a class=\"gridlove-popup-img\" href=\"https:\/\/neige.meteociel.fr\/satellite\/anim_vis_it.gif\"><img decoding=\"async\" src=\"https:\/\/neige.meteociel.fr\/satellite\/anim_vis_it.gif\" alt=\"\"\/><\/a><\/figure>\n\n\n\n<hr class=\"wp-block-separator has-text-color has-gridlove-bg-color has-alpha-channel-opacity has-gridlove-bg-background-color has-background is-style-wide\"\/>\n\n\n\n<p><strong>Infrarde\u010da satelitska slika obla\u010dnosti nad Evropo (<a rel=\"noreferrer noopener\" href=\"https:\/\/en.sat24.com\/en\/eu\/infraPolair\" target=\"_blank\">Sat24<\/a>)<\/strong><\/p>\n\n\n\n<figure class=\"wp-block-image size-large\"><a class=\"gridlove-popup-img\" href=\"https:\/\/meteocentre.com\/satellite\/europe\/europe_ir.gif\"><img decoding=\"async\" src=\"https:\/\/meteocentre.com\/satellite\/europe\/europe_ir.gif\" alt=\"\"\/><\/a><\/figure>\n\n\n\n<hr class=\"wp-block-separator has-text-color has-gridlove-bg-color has-alpha-channel-opacity has-gridlove-bg-background-color has-background is-style-wide\"\/>\n\n\n\n<p style=\"font-size:0px\"><\/p>\n\n\n\n<p><strong>RGB kompozitna satelitska slika obla\u010dnosti v naravnih barvah (<a rel=\"noreferrer noopener\" href=\"https:\/\/eumetview.eumetsat.int\/static-images\/latestImages.html\" target=\"_blank\">EUMETSAT<\/a>)<\/strong><\/p>\n\n\n\n<figure class=\"wp-block-image size-large\"><a class=\"gridlove-popup-img\" href=\"https:\/\/eumetview.eumetsat.int\/static-images\/latestImages\/EUMETSAT_MSG_RGBNatColourEnhncd_LowResolution.jpg\"><img decoding=\"async\" src=\"https:\/\/eumetview.eumetsat.int\/static-images\/latestImages\/EUMETSAT_MSG_RGBNatColourEnhncd_LowResolution.jpg\" alt=\"\"\/><\/a><\/figure>\n\n\n\n<hr class=\"wp-block-separator has-text-color has-gridlove-bg-color has-alpha-channel-opacity has-gridlove-bg-background-color has-background is-style-wide\"\/>\n\n\n\n<p><strong>Infrarde\u010da slika obla\u010dnosti (<a rel=\"noreferrer noopener\" href=\"https:\/\/eumetview.eumetsat.int\/static-images\/latestImages.html\" target=\"_blank\">EUMETSAT<\/a>)<\/strong><\/p>\n\n\n\n<figure class=\"wp-block-image size-large\"><a class=\"gridlove-popup-img\" href=\"https:\/\/eumetview.eumetsat.int\/static-images\/latestImages\/EUMETSAT_MSG_IR108_LowResolution.jpg\"><img decoding=\"async\" src=\"https:\/\/eumetview.eumetsat.int\/static-images\/latestImages\/EUMETSAT_MSG_IR108_LowResolution.jpg\" alt=\"\"\/><\/a><\/figure>\n\n\n\n<hr class=\"wp-block-separator has-text-color has-gridlove-bg-color has-alpha-channel-opacity has-gridlove-bg-background-color has-background is-style-wide\"\/>\n\n\n\n<p><strong>Dnevni satelitski posnetek Nasinega satelita MODIS (<a href=\"http:\/\/www.meteociel.fr\/observations-meteo\/satellite.php?mode=modis-terra&amp;region=it\" target=\"_blank\" rel=\"noreferrer noopener\">Meteociel<\/a>)<\/strong><\/p>\n\n\n\n<figure class=\"wp-block-image size-large\"><a class=\"gridlove-popup-img\" href=\"https:\/\/neige.meteociel.fr\/satellite\/modis\/terrait.jpg\"><img decoding=\"async\" src=\"https:\/\/neige.meteociel.fr\/satellite\/modis\/terrait.jpg\" alt=\"\"\/><\/a><\/figure>\n\n\n\n<p><a href=\"https:\/\/meteologix.com\/si\/satellite\/slovenia\" target=\"_blank\" rel=\"noreferrer noopener\"><strong>Ve\u010d satelitskih slik in animacij z arhivom za obmo\u010dje Slovenije<\/strong><\/a><\/p>\n\n\n\n<p><a href=\"https:\/\/wvs.earthdata.nasa.gov\/?LAYERS=MODIS_Aqua_CorrectedReflectance_TrueColor,Coastlines_15m,Reference_Features_15m&amp;CRS=EPSG:4326&amp;COORDINATES=45.3516,13.2078,46.9360,16.6728&amp;FORMAT=image\/jpeg&amp;AUTOSCALE=TRUE&amp;RESOLUTION=250m&amp;COUNTRY=SVN&amp;PADDING=5\" data-type=\"URL\" data-id=\"https:\/\/wvs.earthdata.nasa.gov\/?LAYERS=MODIS_Aqua_CorrectedReflectance_TrueColor,Coastlines_15m,Reference_Features_15m&amp;CRS=EPSG:4326&amp;COORDINATES=45.3516,13.2078,46.9360,16.6728&amp;FORMAT=image\/jpeg&amp;AUTOSCALE=TRUE&amp;RESOLUTION=250m&amp;COUNTRY=SVN&amp;PADDING=5\" target=\"_blank\" rel=\"noreferrer noopener\"><strong>Zadnji satelitski posnetki Nasinega satelita MODIS v visoki lo\u010dljivosti (250 m)<\/strong><\/a><\/p>\n\n\n\n<p>Meteorolo\u0161ki sateliti spremljajo obla\u010dnost in druge vremenske pojave s pomo\u010djo radiometrov. To so posebni senzorji, ki so name\u0161\u010deni na satelitu. Ti senzorji delujejo v razli\u010dnih valovnih dol\u017einah elektromagnetnega spektra in omogo\u010dajo pridobivanje podatkov o obla\u010dnosti, onesna\u017eenosti ozra\u010dja, temperaturi povr\u0161ja, temperaturi morja, vegetaciji in \u0161e mnogo ve\u010d. Satelitske meritve pomagajo tudi pri spremljanju in ocenjevanju \u0161kode, ki jo povzro\u010dijo vremenske ujme, z njimi pa je mogo\u010de oceniti tudi izgubo ledenih povr\u0161in, ki je posledica globalnega dviga temperatur.<\/p>\n\n\n\n<p>Sateliti s pomo\u010djo radiometrov za vidno svetlobo in infrarde\u010de sevanje zajemajo slike oblakov nad razli\u010dnimi obmo\u010dji na Zemlji. Te slike nam omogo\u010dajo spremljanje stanja obla\u010dnosti, prepoznavanje vrst oblakov ter njihovo gibanje in razvoj. Pasovom, ki jih zaznavajo posamezni radiometri, pravimo kanali. Posnetek radiometra v posameznem kanalu predstavlja satelitsko sliko.<\/p>\n\n\n\n<p>Na satelitskih slikah obla\u010dnosti lahko vidite razli\u010dne oblike in vrste oblakov, ki so prisotni na nebu. Praviloma so oblaki prikazani v razli\u010dnih barvah ali odtenkih sive, kar ponazarja njihovo debelino in vrsto. <\/p>\n\n\n\n<p>Podatki, pridobljeni s pomo\u010djo meteorolo\u0161kih satelitov, so temelj za izdelavo vremenske napovedi, spremljanje podnebnih sprememb, na\u010drtovanje kmetijskih dejavnosti, upravljanje naravnih virov, prepre\u010devanje in obvladovanje naravnih nesre\u010d ter raziskave na podro\u010dju meteorologije in spreminjanja podnebja.<\/p>\n","protected":false},"excerpt":{"rendered":"<p>Barvna satelitska slika GeoColour RGB je vizualizacija, ki zdru\u017euje ve\u010d satelitskih posnetkov s stati\u010dnim zemljevidom. V svetlem delu dneva so prikazani satelitski posnetki RGB True Colour, ki prikazujejo naravne barve Zemlje in atmosfere \u010dez dan. Kanali, ob\u010dutljivi na rde\u010do, zeleno in modro vidno svetlobo, so prikazani v ustreznih barvnih odtenkih, kar daje realisti\u010dne barve, ki [&hellip;]<\/p>\n","protected":false},"author":5,"featured_media":0,"parent":0,"menu_order":0,"comment_status":"closed","ping_status":"closed","template":"","meta":{"footnotes":""},"class_list":["post-81","page","type-page","status-publish","hentry"],"yoast_head":"<!-- This site is optimized with the Yoast SEO plugin v27.5 - https:\/\/yoast.com\/product\/yoast-seo-wordpress\/ -->\n<title>Satelitska slika obla\u010dnosti<\/title>\n<meta name=\"description\" content=\"Satelitska slika obla\u010dnosti v \u017eivo nad Slovenijo. Spremljajte gibanje oblakov, padavinske sisteme in vremenske fronte v realnem \u010dasu.\" \/>\n<meta name=\"robots\" content=\"index, follow, max-snippet:-1, max-image-preview:large, max-video-preview:-1\" \/>\n<link rel=\"canonical\" href=\"https:\/\/meteoinfo.si\/en\/satelitska-slika-oblacnosti\/\" \/>\n<meta property=\"og:locale\" content=\"en_US\" \/>\n<meta property=\"og:locale:alternate\" content=\"sl_SI\" \/>\n<meta property=\"og:type\" content=\"article\" \/>\n<meta property=\"og:title\" content=\"Satelitska slika obla\u010dnosti\" \/>\n<meta property=\"og:description\" content=\"Satelitska slika obla\u010dnosti v \u017eivo nad Slovenijo. Spremljajte gibanje oblakov, padavinske sisteme in vremenske fronte v realnem \u010dasu.\" \/>\n<meta property=\"og:url\" content=\"https:\/\/meteoinfo.si\/en\/satelitska-slika-oblacnosti\/\" \/>\n<meta property=\"og:site_name\" content=\"Meteoinfo Slovenija\" \/>\n<meta property=\"article:publisher\" content=\"https:\/\/www.facebook.com\/meteoinfoslovenija\" \/>\n<meta property=\"article:modified_time\" content=\"2025-11-11T10:06:10+00:00\" \/>\n<meta property=\"og:image\" content=\"https:\/\/radar.vreme-podnebje.si\/images\/satelitska_slika_rgb.png\" \/>\n<meta name=\"twitter:card\" content=\"summary_large_image\" \/>\n<meta name=\"twitter:site\" content=\"@MeteoinfoSi\" \/>\n<meta name=\"twitter:label1\" content=\"Est. reading time\" \/>\n\t<meta name=\"twitter:data1\" content=\"5 minutes\" \/>\n<script type=\"application\/ld+json\" class=\"yoast-schema-graph\">{\"@context\":\"https:\\\/\\\/schema.org\",\"@graph\":[{\"@type\":\"WebPage\",\"@id\":\"https:\\\/\\\/meteoinfo.si\\\/satelitska-slika-oblacnosti\\\/\",\"url\":\"https:\\\/\\\/meteoinfo.si\\\/satelitska-slika-oblacnosti\\\/\",\"name\":\"Satelitska slika obla\u010dnosti\",\"isPartOf\":{\"@id\":\"https:\\\/\\\/meteoinfo.si\\\/#website\"},\"primaryImageOfPage\":{\"@id\":\"https:\\\/\\\/meteoinfo.si\\\/satelitska-slika-oblacnosti\\\/#primaryimage\"},\"image\":{\"@id\":\"https:\\\/\\\/meteoinfo.si\\\/satelitska-slika-oblacnosti\\\/#primaryimage\"},\"thumbnailUrl\":\"https:\\\/\\\/radar.vreme-podnebje.si\\\/images\\\/satelitska_slika_rgb.png\",\"datePublished\":\"2023-05-10T19:27:05+00:00\",\"dateModified\":\"2025-11-11T10:06:10+00:00\",\"description\":\"Satelitska slika obla\u010dnosti v \u017eivo nad Slovenijo. Spremljajte gibanje oblakov, padavinske sisteme in vremenske fronte v realnem \u010dasu.\",\"breadcrumb\":{\"@id\":\"https:\\\/\\\/meteoinfo.si\\\/satelitska-slika-oblacnosti\\\/#breadcrumb\"},\"inLanguage\":\"en-US\",\"potentialAction\":[{\"@type\":\"ReadAction\",\"target\":[\"https:\\\/\\\/meteoinfo.si\\\/satelitska-slika-oblacnosti\\\/\"]}]},{\"@type\":\"ImageObject\",\"inLanguage\":\"en-US\",\"@id\":\"https:\\\/\\\/meteoinfo.si\\\/satelitska-slika-oblacnosti\\\/#primaryimage\",\"url\":\"https:\\\/\\\/radar.vreme-podnebje.si\\\/images\\\/satelitska_slika_rgb.png\",\"contentUrl\":\"https:\\\/\\\/radar.vreme-podnebje.si\\\/images\\\/satelitska_slika_rgb.png\"},{\"@type\":\"BreadcrumbList\",\"@id\":\"https:\\\/\\\/meteoinfo.si\\\/satelitska-slika-oblacnosti\\\/#breadcrumb\",\"itemListElement\":[{\"@type\":\"ListItem\",\"position\":1,\"name\":\"Home\",\"item\":\"https:\\\/\\\/meteoinfo.si\\\/\"},{\"@type\":\"ListItem\",\"position\":2,\"name\":\"Satelitska slika obla\u010dnosti\"}]},{\"@type\":\"WebSite\",\"@id\":\"https:\\\/\\\/meteoinfo.si\\\/#website\",\"url\":\"https:\\\/\\\/meteoinfo.si\\\/\",\"name\":\"Meteoinfo\",\"description\":\"Meteoinfo Slovenija je spletni portal skupine ljubiteljev opazovanja in prou\u010devanja ekstremnih vremenskih pojavov ter podnebja.\",\"publisher\":{\"@id\":\"https:\\\/\\\/meteoinfo.si\\\/#organization\"},\"potentialAction\":[{\"@type\":\"SearchAction\",\"target\":{\"@type\":\"EntryPoint\",\"urlTemplate\":\"https:\\\/\\\/meteoinfo.si\\\/?s={search_term_string}\"},\"query-input\":{\"@type\":\"PropertyValueSpecification\",\"valueRequired\":true,\"valueName\":\"search_term_string\"}}],\"inLanguage\":\"en-US\"},{\"@type\":\"Organization\",\"@id\":\"https:\\\/\\\/meteoinfo.si\\\/#organization\",\"name\":\"Meteoinfo Slovenija\",\"url\":\"https:\\\/\\\/meteoinfo.si\\\/\",\"logo\":{\"@type\":\"ImageObject\",\"inLanguage\":\"en-US\",\"@id\":\"https:\\\/\\\/meteoinfo.si\\\/#\\\/schema\\\/logo\\\/image\\\/\",\"url\":\"https:\\\/\\\/meteoinfo.si\\\/wp-content\\\/uploads\\\/2023\\\/08\\\/meteoinfo_logo.png\",\"contentUrl\":\"https:\\\/\\\/meteoinfo.si\\\/wp-content\\\/uploads\\\/2023\\\/08\\\/meteoinfo_logo.png\",\"width\":260,\"height\":27,\"caption\":\"Meteoinfo Slovenija\"},\"image\":{\"@id\":\"https:\\\/\\\/meteoinfo.si\\\/#\\\/schema\\\/logo\\\/image\\\/\"},\"sameAs\":[\"https:\\\/\\\/www.facebook.com\\\/meteoinfoslovenija\",\"https:\\\/\\\/x.com\\\/MeteoinfoSi\",\"https:\\\/\\\/www.instagram.com\\\/meteoinfo.si\\\/\",\"https:\\\/\\\/www.tiktok.com\\\/@meteoinfo.slo\"]}]}<\/script>\n<!-- \/ Yoast SEO plugin. -->","yoast_head_json":{"title":"Satelitska slika obla\u010dnosti","description":"Satelitska slika obla\u010dnosti v \u017eivo nad Slovenijo. Spremljajte gibanje oblakov, padavinske sisteme in vremenske fronte v realnem \u010dasu.","robots":{"index":"index","follow":"follow","max-snippet":"max-snippet:-1","max-image-preview":"max-image-preview:large","max-video-preview":"max-video-preview:-1"},"canonical":"https:\/\/meteoinfo.si\/en\/satelitska-slika-oblacnosti\/","og_locale":"en_US","og_type":"article","og_title":"Satelitska slika obla\u010dnosti","og_description":"Satelitska slika obla\u010dnosti v \u017eivo nad Slovenijo. Spremljajte gibanje oblakov, padavinske sisteme in vremenske fronte v realnem \u010dasu.","og_url":"https:\/\/meteoinfo.si\/en\/satelitska-slika-oblacnosti\/","og_site_name":"Meteoinfo Slovenija","article_publisher":"https:\/\/www.facebook.com\/meteoinfoslovenija","article_modified_time":"2025-11-11T10:06:10+00:00","og_image":[{"url":"https:\/\/radar.vreme-podnebje.si\/images\/satelitska_slika_rgb.png","type":"","width":"","height":""}],"twitter_card":"summary_large_image","twitter_site":"@MeteoinfoSi","twitter_misc":{"Est. reading time":"5 minutes"},"schema":{"@context":"https:\/\/schema.org","@graph":[{"@type":"WebPage","@id":"https:\/\/meteoinfo.si\/satelitska-slika-oblacnosti\/","url":"https:\/\/meteoinfo.si\/satelitska-slika-oblacnosti\/","name":"Satelitska slika obla\u010dnosti","isPartOf":{"@id":"https:\/\/meteoinfo.si\/#website"},"primaryImageOfPage":{"@id":"https:\/\/meteoinfo.si\/satelitska-slika-oblacnosti\/#primaryimage"},"image":{"@id":"https:\/\/meteoinfo.si\/satelitska-slika-oblacnosti\/#primaryimage"},"thumbnailUrl":"https:\/\/radar.vreme-podnebje.si\/images\/satelitska_slika_rgb.png","datePublished":"2023-05-10T19:27:05+00:00","dateModified":"2025-11-11T10:06:10+00:00","description":"Satelitska slika obla\u010dnosti v \u017eivo nad Slovenijo. Spremljajte gibanje oblakov, padavinske sisteme in vremenske fronte v realnem \u010dasu.","breadcrumb":{"@id":"https:\/\/meteoinfo.si\/satelitska-slika-oblacnosti\/#breadcrumb"},"inLanguage":"en-US","potentialAction":[{"@type":"ReadAction","target":["https:\/\/meteoinfo.si\/satelitska-slika-oblacnosti\/"]}]},{"@type":"ImageObject","inLanguage":"en-US","@id":"https:\/\/meteoinfo.si\/satelitska-slika-oblacnosti\/#primaryimage","url":"https:\/\/radar.vreme-podnebje.si\/images\/satelitska_slika_rgb.png","contentUrl":"https:\/\/radar.vreme-podnebje.si\/images\/satelitska_slika_rgb.png"},{"@type":"BreadcrumbList","@id":"https:\/\/meteoinfo.si\/satelitska-slika-oblacnosti\/#breadcrumb","itemListElement":[{"@type":"ListItem","position":1,"name":"Home","item":"https:\/\/meteoinfo.si\/"},{"@type":"ListItem","position":2,"name":"Satelitska slika obla\u010dnosti"}]},{"@type":"WebSite","@id":"https:\/\/meteoinfo.si\/#website","url":"https:\/\/meteoinfo.si\/","name":"Meteoinfo","description":"Meteoinfo Slovenija je spletni portal skupine ljubiteljev opazovanja in prou\u010devanja ekstremnih vremenskih pojavov ter podnebja.","publisher":{"@id":"https:\/\/meteoinfo.si\/#organization"},"potentialAction":[{"@type":"SearchAction","target":{"@type":"EntryPoint","urlTemplate":"https:\/\/meteoinfo.si\/?s={search_term_string}"},"query-input":{"@type":"PropertyValueSpecification","valueRequired":true,"valueName":"search_term_string"}}],"inLanguage":"en-US"},{"@type":"Organization","@id":"https:\/\/meteoinfo.si\/#organization","name":"Meteoinfo Slovenija","url":"https:\/\/meteoinfo.si\/","logo":{"@type":"ImageObject","inLanguage":"en-US","@id":"https:\/\/meteoinfo.si\/#\/schema\/logo\/image\/","url":"https:\/\/meteoinfo.si\/wp-content\/uploads\/2023\/08\/meteoinfo_logo.png","contentUrl":"https:\/\/meteoinfo.si\/wp-content\/uploads\/2023\/08\/meteoinfo_logo.png","width":260,"height":27,"caption":"Meteoinfo Slovenija"},"image":{"@id":"https:\/\/meteoinfo.si\/#\/schema\/logo\/image\/"},"sameAs":["https:\/\/www.facebook.com\/meteoinfoslovenija","https:\/\/x.com\/MeteoinfoSi","https:\/\/www.instagram.com\/meteoinfo.si\/","https:\/\/www.tiktok.com\/@meteoinfo.slo"]}]}},"_links":{"self":[{"href":"https:\/\/meteoinfo.si\/en\/wp-json\/wp\/v2\/pages\/81","targetHints":{"allow":["GET"]}}],"collection":[{"href":"https:\/\/meteoinfo.si\/en\/wp-json\/wp\/v2\/pages"}],"about":[{"href":"https:\/\/meteoinfo.si\/en\/wp-json\/wp\/v2\/types\/page"}],"author":[{"embeddable":true,"href":"https:\/\/meteoinfo.si\/en\/wp-json\/wp\/v2\/users\/5"}],"replies":[{"embeddable":true,"href":"https:\/\/meteoinfo.si\/en\/wp-json\/wp\/v2\/comments?post=81"}],"version-history":[{"count":31,"href":"https:\/\/meteoinfo.si\/en\/wp-json\/wp\/v2\/pages\/81\/revisions"}],"predecessor-version":[{"id":13168,"href":"https:\/\/meteoinfo.si\/en\/wp-json\/wp\/v2\/pages\/81\/revisions\/13168"}],"wp:attachment":[{"href":"https:\/\/meteoinfo.si\/en\/wp-json\/wp\/v2\/media?parent=81"}],"curies":[{"name":"wp","href":"https:\/\/api.w.org\/{rel}","templated":true}]}}