{"id":79,"date":"2023-05-10T21:26:56","date_gmt":"2023-05-10T19:26:56","guid":{"rendered":"https:\/\/meteoinfo.si\/?page_id=79"},"modified":"2026-04-22T19:15:39","modified_gmt":"2026-04-22T17:15:39","slug":"radarska-slika-padavin","status":"publish","type":"page","link":"https:\/\/meteoinfo.si\/en\/radarska-slika-padavin\/","title":{"rendered":"Radarska slika padavin"},"content":{"rendered":"\n<p><strong>Kompozitna radarska slika najve\u010dje odbojnosti padavin z arhivom nad \u0161ir\u0161im obmo\u010djem Slovenije in Jadrana<\/strong><\/p>\n\n\n\n<style>\n.iframe-wrapper {\n  width: 100%;\n  height: 550px; \/* desktop privzeto (lahko pusti\u0161 ali spremeni\u0161) *\/\n  overflow: hidden;\n  position: relative;\n}\n\n\/* mobilno *\/\n.iframe-wrapper iframe {\n  position: absolute;\n  top: -50px;\n  left: 0;\n  width: 100%;\n  height: calc(550px + 50px);\n  border: none;\n}\n\n\/* srednji zasloni *\/\n@media (min-width: 640px) {\n  .iframe-wrapper {\n    height: 600px; \/* malo vi\u0161je kot mobile, a \u0161e vedno manj kot desktop *\/\n  }\n\n  .iframe-wrapper iframe {\n    top: -58px;\n    height: calc(600px + 58px);\n  }\n}\n\n\/* desktop *\/\n@media (min-width: 900px) {\n  .iframe-wrapper {\n    height: 700px;\n  }\n\n  .iframe-wrapper iframe {\n    top: -60px;\n    height: calc(700px + 60px);\n  }\n}\n<\/style>\n\n<div class=\"iframe-wrapper\">\n  <iframe src=\"https:\/\/radarska.meteoinfo.si\/\"><\/iframe>\n<\/div>\n\n\n\n<hr class=\"wp-block-separator has-text-color has-gridlove-bg-color has-alpha-channel-opacity has-gridlove-bg-background-color has-background is-style-wide\"\/>\n\n\n\n<div class=\"wp-block-buttons is-content-justification-center is-layout-flex wp-container-core-buttons-is-layout-16018d1d wp-block-buttons-is-layout-flex\">\n<div class=\"wp-block-button is-style-fill\"><a class=\"wp-block-button__link has-background wp-element-button\" href=\"https:\/\/meteoinfo.si\/meteoinfo\/prenovljena-radarska-slika-padavin-meteoinfo-slovenija\/\" style=\"background-color:#333333\" target=\"_blank\" rel=\"noreferrer noopener\"><strong>Opis in kratka navodila za uporabo<\/strong><\/a><\/div>\n\n\n\n<div class=\"wp-block-button is-style-fill\"><a class=\"wp-block-button__link has-background wp-element-button\" href=\"https:\/\/radarska.meteoinfo.si\/\" style=\"background-color:#333333\" target=\"_blank\" rel=\"noreferrer noopener\"><strong>Neposredna povezava<\/strong><\/a><\/div>\n<\/div>\n\n\n\n<hr class=\"wp-block-separator has-text-color has-gridlove-bg-color has-alpha-channel-opacity has-gridlove-bg-background-color has-background is-style-wide\"\/>\n\n\n\n<div class=\"ozji-toggle\" style=\"margin-bottom: 25px;\">\n<div class=\"mks_toggle\">\r\n            <div class=\"mks_toggle_heading\">Podrobnosti o radarskih slikah<i class=\"fa fa-plus\"><\/i><i class=\"fa fa-minus\"><\/i><\/div>\r\n                <div class=\"mks_toggle_content\">\n\n<p>Radarska slika padavin prikazuje razporeditev, intenziteto oziroma jakost padavin na dolo\u010denem obmo\u010dju. Iz ve\u010d zaporednih radarskih slik dobimo animacijo padavin. Na ta na\u010din lahko ocenimo smer potovanja padavinskih oblakov in neviht. Prav tako lahko razberemo, ali padavine na poti do nas slabijo ali se krepijo.<\/p>\n\n<p>Meteorolo\u0161ki radar je naprava, ki za zaznavanje padavin uporablja elektromagnetne valove, obi\u010dajno so to mikrovalovi. Radar v prostor pod razli\u010dnimi koti po\u0161ilja kratke pulze elektromagnetnega valovanja, ki se nato odbijajo nazaj na padavinskih delcih, kot so de\u017ene kaplje, sne\u017einke in\/ali zrna to\u010da. Na podlagi teh odbojev radar ustvari sliko, ki prikazuje intenziteto padavin in njihovo razporeditev na zemljevidu. Barve na radarski sliki predstavljajo razli\u010dne stopnje intenzitete padavin. Na ta na\u010din lahko hitro prepoznamo obmo\u010dja s padavinami in nevihtami.<\/p>\n\n<p>Radarske slike padavin so nepogre\u0161ljiv pripomo\u010dek za lovce na nevihte, saj iz oblike ter intenzitete radarskih odbojev v nevihtnih celicah mnogokrat lahko razberemo za kateri tip nevihte gre, prav tako lahko predvidimo smer in hitrost potovanja nevihte. Z radarske slike se velikokrat da ugotoviti, ali nevihta nosi debelej\u0161o to\u010do. Prav tako so radarske slike padavin koristne za \u0161ir\u0161o javnost, saj omogo\u010dajo spremljanje vremenskih razmer v realnem \u010dasu in lahko pomagajo pri pripravah na morebitne vremenske vplive.<\/p>\n\n<p>Dr\u017eavna meteorolo\u0161ka slu\u017eba Agencije Republike Slovenije za okolje (ARSO) meri padavine nad Slovenijo in bli\u017enjo okolico z dvema vremenskima radarjema \u2013 eden je postavljen na Lisci, drugi od leta 2014 na Pasji ravni. Sestavljena oziroma kompozitna radarska slika prikazuje razporeditev in jakost padavin, izmerjenih vsakih 5 minut.<\/p>\n\n<p>Na spletni strani Meteoinfo Slovenija vam poleg radarske slike padavin ARSO ponujamo tudi lastno vizualizacijo radarskih meritev nad Slovenijo in \u0161ir\u0161o okolico, ki kombinira radarske slike slovenskih radarjev s slikami iz sosednjih dr\u017eav.<\/p>\n\n<p>Poleg aktualnih radarskih slik si lahko ogledate tudi arhiv radarskih meritev od leta 2014, ki je dosegljiv na na\u0161i spletni strani ali na povezavi <a href=\"https:\/\/radarska.meteoinfo.si\/\" target=\"_blank\"><b>radarska.meteoinfo.si<\/b><\/a>.<\/p>\n<\/div>\r\n            <\/div>\n<\/div>\n\n\n\n<hr class=\"wp-block-separator has-text-color has-gridlove-bg-color has-alpha-channel-opacity has-gridlove-bg-background-color has-background is-style-wide\"\/>\n\n\n\n<p><strong>Kompozitna radarska slika najve\u010dje odbojnosti padavin (Meteoinfo Slovenija)<\/strong><\/p>\n\n\n\n<figure class=\"wp-block-image\"><a class=\"gridlove-popup-img\" href=\"https:\/\/radar.vreme-podnebje.si\/images\/radarska_slika.png\"><img decoding=\"async\" src=\"https:\/\/radar.vreme-podnebje.si\/images\/radarska_slika.png\" alt=\"\"\/><\/a><\/figure>\n\n\n\n<hr class=\"wp-block-separator has-text-color has-gridlove-bg-color has-alpha-channel-opacity has-gridlove-bg-background-color has-background is-style-wide\"\/>\n\n\n\n<p><strong>Animacija kompozitne radarske slike najve\u010dje odbojnosti padavin za zadnji 2 uri (Meteoinfo Slovenija)<\/strong><\/p>\n\n\n\n<figure class=\"wp-block-image size-large\"><a class=\"gridlove-popup-img\" href=\"https:\/\/radar.vreme-podnebje.si\/images\/radarska_animacija_2h.gif\"><img decoding=\"async\" src=\"https:\/\/radar.vreme-podnebje.si\/images\/radarska_animacija_2h.gif\" alt=\"\"\/><\/a><\/figure>\n\n\n\n<hr class=\"wp-block-separator has-text-color has-gridlove-bg-color has-alpha-channel-opacity has-gridlove-bg-background-color has-background is-style-wide\"\/>\n\n\n\n<p><strong>Animacija kompozitne radarske slike najve\u010dje odbojnosti padavin za zadnjih 24 ur (Meteoinfo Slovenija)<\/strong><\/p>\n\n\n\n<figure class=\"wp-block-image size-large\"><a class=\"gridlove-popup-img\" href=\"https:\/\/radar.vreme-podnebje.si\/images\/radarska_animacija_24h.gif\"><img decoding=\"async\" src=\"https:\/\/radar.vreme-podnebje.si\/images\/radarska_animacija_24h.gif\" alt=\"\"\/><\/a><\/figure>\n\n\n\n<p>Animacija za obdobje zadnjih 24-ur se osve\u017euje vsako uro.<\/p>\n\n\n\n<hr class=\"wp-block-separator has-text-color has-gridlove-bg-color has-alpha-channel-opacity has-gridlove-bg-background-color has-background is-style-wide\"\/>\n\n\n\n<p><strong>Kompozitna radarska slika talne intenzitete padavin (<a rel=\"noreferrer noopener\" href=\"https:\/\/meteo.arso.gov.si\/met\/sl\/service\/\" target=\"_blank\">ARSO<\/a>)<\/strong><\/p>\n\n\n\n<figure class=\"wp-block-image size-large\"><a class=\"gridlove-popup-img\" href=\"https:\/\/meteo.arso.gov.si\/uploads\/probase\/www\/observ\/radar\/si0-rrg.gif\"><img decoding=\"async\" src=\"https:\/\/meteo.arso.gov.si\/uploads\/probase\/www\/observ\/radar\/si0-rrg.gif\" alt=\"\"\/><\/a><\/figure>\n\n\n\n<ul class=\"wp-block-list\">\n<li><a href=\"https:\/\/meteo.arso.gov.si\/met\/sl\/weather\/observ\/radar\/#rad_faq\" target=\"_blank\" rel=\"noreferrer noopener\">Pogosta vpra\u0161anja in odgovori o radarskih slikah (ARSO)<\/a><\/li>\n<\/ul>\n\n\n\n<hr class=\"wp-block-separator has-text-color has-gridlove-bg-color has-alpha-channel-opacity has-gridlove-bg-background-color has-background is-style-wide\"\/>\n\n\n\n<p><strong>Hrva\u0161ka kompozitna radarska slika talne intenzitete padavin (<a rel=\"noreferrer noopener\" href=\"https:\/\/web.archive.org\/web\/20220421095353\/http:\/meteo.hr\/index.php\" target=\"_blank\">DHMZ<\/a>)<\/strong><\/p>\n\n\n\n<figure class=\"wp-block-image size-large\"><a class=\"gridlove-popup-img\" href=\"https:\/\/vrijeme.hr\/kompozit-stat.png\"><img decoding=\"async\" src=\"https:\/\/vrijeme.hr\/kompozit-stat.png\" alt=\"\"\/><\/a><\/figure>\n\n\n\n<hr class=\"wp-block-separator has-text-color has-gridlove-bg-color has-alpha-channel-opacity has-gridlove-bg-background-color has-background is-style-wide\"\/>\n\n\n\n<p><strong>Radarska slika najve\u010dje odbojnosti padavin z radarskega centra Goli v hrva\u0161ki Istri (<a rel=\"noreferrer noopener\" href=\"https:\/\/meteo.hr\/podaci.php?section=podaci_mjerenja&amp;param=radari&amp;el=goli\" target=\"_blank\">DHMZ<\/a>)<\/strong><\/p>\n\n\n\n<figure class=\"wp-block-image size-large\"><a class=\"gridlove-popup-img\" href=\"https:\/\/vrijeme.hr\/goli-stat.png\"><img decoding=\"async\" src=\"https:\/\/vrijeme.hr\/goli-stat.png\" alt=\"\"\/><\/a><\/figure>\n\n\n\n<hr class=\"wp-block-separator has-text-color has-gridlove-bg-color has-alpha-channel-opacity has-gridlove-bg-background-color has-background is-style-wide\"\/>\n\n\n\n<p><strong>Radarska slika najve\u010dje odbojnosti padavin s hrva\u0161kega radarskega centra Bilogora<\/strong> <strong> (<a rel=\"noreferrer noopener\" href=\"https:\/\/meteo.hr\/podaci.php?section=podaci_mjerenja&amp;param=radari&amp;el=bilogora\" target=\"_blank\">DHMZ<\/a>)<\/strong><\/p>\n\n\n\n<figure class=\"wp-block-image size-large\"><a class=\"gridlove-popup-img\" href=\"https:\/\/vrijeme.hr\/bilogora-stat.png\"><img decoding=\"async\" src=\"https:\/\/vrijeme.hr\/bilogora-stat.png\" alt=\"\"\/><\/a><\/figure>\n\n\n\n<hr class=\"wp-block-separator has-text-color has-gridlove-bg-color has-alpha-channel-opacity has-gridlove-bg-background-color has-background is-style-wide\"\/>\n\n\n\n<p><strong>Animacija hrva\u0161ke kompozitne radarske slike najve\u010dje intenzitete padavin (v mm\/h) za zadnjih 120 minut<\/strong> <strong>(<a rel=\"noreferrer noopener\" href=\"https:\/\/meteo.hr\/podaci.php?section=podaci_mjerenja&amp;param=radari&amp;el=bilogora\" target=\"_blank\">DHMZ<\/a>)<\/strong><\/p>\n\n\n\n<figure class=\"wp-block-image size-large\"><img decoding=\"async\" src=\"https:\/\/vrijeme.hr\/anim_kompozit.gif\" alt=\"\"\/><\/figure>\n\n\n\n<hr class=\"wp-block-separator has-text-color has-gridlove-bg-color has-alpha-channel-opacity has-gridlove-bg-background-color has-background is-style-wide\"\/>\n\n\n\n<p><strong>Animacija avstrijske kompozitne radarske slike intenzitete padavin (<a rel=\"noreferrer noopener\" href=\"https:\/\/web.archive.org\/web\/20220421095353\/https:\/www.austrocontrol.at\/en\/weather\/weather_for_all\/weather_radar\" target=\"_blank\">Austro Control<\/a>)<\/strong><\/p>\n\n\n<div class=\"wp-block-image\">\n<figure class=\"aligncenter size-large\"><a class=\"gridlove-popup-img\" href=\"https:\/\/www.austrocontrol.at\/jart\/met\/radar\/loop.gif\"><img decoding=\"async\" src=\"https:\/\/www.austrocontrol.at\/jart\/met\/radar\/loop.gif\" alt=\"\"\/><\/a><\/figure>\n<\/div>\n\n\n<ul class=\"wp-block-list\">\n<li><a rel=\"noreferrer noopener\" href=\"https:\/\/meteologix.com\/si\/radar-hd\/austria\" target=\"_blank\">Podrobnej\u0161a avstrijska radarska slika padavin z arhivom<\/a><\/li>\n<\/ul>\n\n\n\n<hr class=\"wp-block-separator has-text-color has-gridlove-bg-color has-alpha-channel-opacity has-gridlove-bg-background-color has-background is-style-wide\"\/>\n\n\n\n<p><strong>Animacija italijanske kompozitne radarske slike najve\u010dje intenzitete padavin (<a rel=\"noreferrer noopener\" href=\"https:\/\/radar.protezionecivile.it\/\" target=\"_blank\">Protezione civile<\/a>)<\/strong><\/p>\n\n\n\n<figure class=\"wp-block-image size-large\"><a class=\"gridlove-popup-img\" href=\"https:\/\/cdn4.3bmeteo.com\/images\/radar\/VMI_animation.gif\"><img decoding=\"async\" src=\"https:\/\/cdn4.3bmeteo.com\/images\/radar\/VMI_animation.gif\" alt=\"\"\/><\/a><\/figure>\n\n\n\n<ul class=\"wp-block-list\">\n<li><a href=\"https:\/\/www.meteo.fvg.it\/radar-geo-movie.php?ln=-sl\" target=\"_blank\" rel=\"noreferrer noopener\">Kompozitna radarska slika najve\u010dje odbojnosti padavin za Furlanijo \u2013 Julijsko krajino na interaktivnem zemljevidu<\/a><\/li>\n\n\n\n<li><a rel=\"noreferrer noopener\" href=\"https:\/\/monitor.protezionecivile.fvg.it\/#\/radar\/VMI\" target=\"_blank\">Radarska slika najve\u010dje odbojnosti padavin za Furlanijo \u2013 Julijsko krajino na interaktivnem zemljevidu<\/a><\/li>\n\n\n\n<li><a href=\"https:\/\/www.meteo.fvg.it\/archivio.php?ln=-sl&amp;p=radar\" target=\"_blank\" rel=\"noreferrer noopener\">Arhiv radarske slike padavin za Furlanijo \u2013 Julijsko krajino<\/a><\/li>\n<\/ul>\n\n\n\n<hr class=\"wp-block-separator has-text-color has-gridlove-bg-color has-alpha-channel-opacity has-gridlove-bg-background-color has-background is-style-wide\"\/>\n\n\n\n<p><strong>Animacija evropske kompozitne radarske slike najve\u010dje odbojnosti padavin (<a href=\"https:\/\/www.eumetnet.eu\/activities\/observations-programme\/current-activities\/opera-radar-animation\/\" target=\"_blank\" rel=\"noreferrer noopener\">EUMETNET<\/a>)<\/strong><\/p>\n\n\n\n<iframe loading=\"lazy\" width=\"100%\" height=\"840\" src=\"https:\/\/cdn.fmi.fi\/demos\/eumetnet-web-site-radar-animator\/\" style=\"border:none;\" scrolling=\"no\" title=\"Radarska slika nad Evropo.\"><\/iframe><p><\/p>\n\n\n\n<p><\/p>\n","protected":false},"excerpt":{"rendered":"<p>Kompozitna radarska slika najve\u010dje odbojnosti padavin z arhivom nad \u0161ir\u0161im obmo\u010djem Slovenije in Jadrana Kompozitna radarska slika najve\u010dje odbojnosti padavin (Meteoinfo Slovenija) Animacija kompozitne radarske slike najve\u010dje odbojnosti padavin za zadnji 2 uri (Meteoinfo Slovenija) Animacija kompozitne radarske slike najve\u010dje odbojnosti padavin za zadnjih 24 ur (Meteoinfo Slovenija) Animacija za obdobje zadnjih 24-ur se osve\u017euje [&hellip;]<\/p>\n","protected":false},"author":5,"featured_media":0,"parent":0,"menu_order":0,"comment_status":"closed","ping_status":"closed","template":"","meta":{"footnotes":""},"class_list":["post-79","page","type-page","status-publish","hentry"],"yoast_head":"<!-- This site is optimized with the Yoast SEO plugin v27.5 - https:\/\/yoast.com\/product\/yoast-seo-wordpress\/ -->\n<title>Radarska slika padavin - Meteoinfo Slovenija<\/title>\n<meta name=\"description\" content=\"Spremljajte radarske slike padavin v \u017eivo in dostopajte do edinega arhiva radarskih slik v Sloveniji od leta 2014.\" \/>\n<meta name=\"robots\" content=\"index, follow, max-snippet:-1, max-image-preview:large, max-video-preview:-1\" \/>\n<link rel=\"canonical\" href=\"https:\/\/meteoinfo.si\/en\/radarska-slika-padavin\/\" \/>\n<meta property=\"og:locale\" content=\"en_US\" \/>\n<meta property=\"og:locale:alternate\" content=\"sl_SI\" \/>\n<meta property=\"og:type\" content=\"article\" \/>\n<meta property=\"og:title\" content=\"Radarska slika padavin - Meteoinfo Slovenija\" \/>\n<meta property=\"og:description\" content=\"Spremljajte radarske slike padavin v \u017eivo in dostopajte do edinega arhiva radarskih slik v Sloveniji od leta 2014.\" \/>\n<meta property=\"og:url\" content=\"https:\/\/meteoinfo.si\/en\/radarska-slika-padavin\/\" \/>\n<meta property=\"og:site_name\" content=\"Meteoinfo Slovenija\" \/>\n<meta property=\"article:publisher\" content=\"https:\/\/www.facebook.com\/meteoinfoslovenija\" \/>\n<meta property=\"article:modified_time\" content=\"2026-04-22T17:15:39+00:00\" \/>\n<meta property=\"og:image\" content=\"https:\/\/radar.vreme-podnebje.si\/images\/radarska_slika.png\" \/>\n<meta name=\"twitter:card\" content=\"summary_large_image\" \/>\n<meta name=\"twitter:site\" content=\"@MeteoinfoSi\" \/>\n<meta name=\"twitter:label1\" content=\"Est. reading time\" \/>\n\t<meta name=\"twitter:data1\" content=\"5 minutes\" \/>\n<script type=\"application\/ld+json\" class=\"yoast-schema-graph\">{\"@context\":\"https:\\\/\\\/schema.org\",\"@graph\":[{\"@type\":\"WebPage\",\"@id\":\"https:\\\/\\\/meteoinfo.si\\\/radarska-slika-padavin\\\/\",\"url\":\"https:\\\/\\\/meteoinfo.si\\\/radarska-slika-padavin\\\/\",\"name\":\"Radarska slika padavin - Meteoinfo Slovenija\",\"isPartOf\":{\"@id\":\"https:\\\/\\\/meteoinfo.si\\\/#website\"},\"primaryImageOfPage\":{\"@id\":\"https:\\\/\\\/meteoinfo.si\\\/radarska-slika-padavin\\\/#primaryimage\"},\"image\":{\"@id\":\"https:\\\/\\\/meteoinfo.si\\\/radarska-slika-padavin\\\/#primaryimage\"},\"thumbnailUrl\":\"https:\\\/\\\/radar.vreme-podnebje.si\\\/images\\\/radarska_slika.png\",\"datePublished\":\"2023-05-10T19:26:56+00:00\",\"dateModified\":\"2026-04-22T17:15:39+00:00\",\"description\":\"Spremljajte radarske slike padavin v \u017eivo in dostopajte do edinega arhiva radarskih slik v Sloveniji od leta 2014.\",\"breadcrumb\":{\"@id\":\"https:\\\/\\\/meteoinfo.si\\\/radarska-slika-padavin\\\/#breadcrumb\"},\"inLanguage\":\"en-US\",\"potentialAction\":[{\"@type\":\"ReadAction\",\"target\":[\"https:\\\/\\\/meteoinfo.si\\\/radarska-slika-padavin\\\/\"]}]},{\"@type\":\"ImageObject\",\"inLanguage\":\"en-US\",\"@id\":\"https:\\\/\\\/meteoinfo.si\\\/radarska-slika-padavin\\\/#primaryimage\",\"url\":\"https:\\\/\\\/radar.vreme-podnebje.si\\\/images\\\/radarska_slika.png\",\"contentUrl\":\"https:\\\/\\\/radar.vreme-podnebje.si\\\/images\\\/radarska_slika.png\"},{\"@type\":\"BreadcrumbList\",\"@id\":\"https:\\\/\\\/meteoinfo.si\\\/radarska-slika-padavin\\\/#breadcrumb\",\"itemListElement\":[{\"@type\":\"ListItem\",\"position\":1,\"name\":\"Home\",\"item\":\"https:\\\/\\\/meteoinfo.si\\\/\"},{\"@type\":\"ListItem\",\"position\":2,\"name\":\"Radarska slika padavin\"}]},{\"@type\":\"WebSite\",\"@id\":\"https:\\\/\\\/meteoinfo.si\\\/#website\",\"url\":\"https:\\\/\\\/meteoinfo.si\\\/\",\"name\":\"Meteoinfo\",\"description\":\"Meteoinfo Slovenija je spletni portal skupine ljubiteljev opazovanja in prou\u010devanja ekstremnih vremenskih pojavov ter podnebja.\",\"publisher\":{\"@id\":\"https:\\\/\\\/meteoinfo.si\\\/#organization\"},\"potentialAction\":[{\"@type\":\"SearchAction\",\"target\":{\"@type\":\"EntryPoint\",\"urlTemplate\":\"https:\\\/\\\/meteoinfo.si\\\/?s={search_term_string}\"},\"query-input\":{\"@type\":\"PropertyValueSpecification\",\"valueRequired\":true,\"valueName\":\"search_term_string\"}}],\"inLanguage\":\"en-US\"},{\"@type\":\"Organization\",\"@id\":\"https:\\\/\\\/meteoinfo.si\\\/#organization\",\"name\":\"Meteoinfo Slovenija\",\"url\":\"https:\\\/\\\/meteoinfo.si\\\/\",\"logo\":{\"@type\":\"ImageObject\",\"inLanguage\":\"en-US\",\"@id\":\"https:\\\/\\\/meteoinfo.si\\\/#\\\/schema\\\/logo\\\/image\\\/\",\"url\":\"https:\\\/\\\/meteoinfo.si\\\/wp-content\\\/uploads\\\/2023\\\/08\\\/meteoinfo_logo.png\",\"contentUrl\":\"https:\\\/\\\/meteoinfo.si\\\/wp-content\\\/uploads\\\/2023\\\/08\\\/meteoinfo_logo.png\",\"width\":260,\"height\":27,\"caption\":\"Meteoinfo Slovenija\"},\"image\":{\"@id\":\"https:\\\/\\\/meteoinfo.si\\\/#\\\/schema\\\/logo\\\/image\\\/\"},\"sameAs\":[\"https:\\\/\\\/www.facebook.com\\\/meteoinfoslovenija\",\"https:\\\/\\\/x.com\\\/MeteoinfoSi\",\"https:\\\/\\\/www.instagram.com\\\/meteoinfo.si\\\/\",\"https:\\\/\\\/www.tiktok.com\\\/@meteoinfo.slo\"]}]}<\/script>\n<!-- \/ Yoast SEO plugin. -->","yoast_head_json":{"title":"Radarska slika padavin - Meteoinfo Slovenija","description":"Spremljajte radarske slike padavin v \u017eivo in dostopajte do edinega arhiva radarskih slik v Sloveniji od leta 2014.","robots":{"index":"index","follow":"follow","max-snippet":"max-snippet:-1","max-image-preview":"max-image-preview:large","max-video-preview":"max-video-preview:-1"},"canonical":"https:\/\/meteoinfo.si\/en\/radarska-slika-padavin\/","og_locale":"en_US","og_type":"article","og_title":"Radarska slika padavin - Meteoinfo Slovenija","og_description":"Spremljajte radarske slike padavin v \u017eivo in dostopajte do edinega arhiva radarskih slik v Sloveniji od leta 2014.","og_url":"https:\/\/meteoinfo.si\/en\/radarska-slika-padavin\/","og_site_name":"Meteoinfo Slovenija","article_publisher":"https:\/\/www.facebook.com\/meteoinfoslovenija","article_modified_time":"2026-04-22T17:15:39+00:00","og_image":[{"url":"https:\/\/radar.vreme-podnebje.si\/images\/radarska_slika.png","type":"","width":"","height":""}],"twitter_card":"summary_large_image","twitter_site":"@MeteoinfoSi","twitter_misc":{"Est. reading time":"5 minutes"},"schema":{"@context":"https:\/\/schema.org","@graph":[{"@type":"WebPage","@id":"https:\/\/meteoinfo.si\/radarska-slika-padavin\/","url":"https:\/\/meteoinfo.si\/radarska-slika-padavin\/","name":"Radarska slika padavin - Meteoinfo Slovenija","isPartOf":{"@id":"https:\/\/meteoinfo.si\/#website"},"primaryImageOfPage":{"@id":"https:\/\/meteoinfo.si\/radarska-slika-padavin\/#primaryimage"},"image":{"@id":"https:\/\/meteoinfo.si\/radarska-slika-padavin\/#primaryimage"},"thumbnailUrl":"https:\/\/radar.vreme-podnebje.si\/images\/radarska_slika.png","datePublished":"2023-05-10T19:26:56+00:00","dateModified":"2026-04-22T17:15:39+00:00","description":"Spremljajte radarske slike padavin v \u017eivo in dostopajte do edinega arhiva radarskih slik v Sloveniji od leta 2014.","breadcrumb":{"@id":"https:\/\/meteoinfo.si\/radarska-slika-padavin\/#breadcrumb"},"inLanguage":"en-US","potentialAction":[{"@type":"ReadAction","target":["https:\/\/meteoinfo.si\/radarska-slika-padavin\/"]}]},{"@type":"ImageObject","inLanguage":"en-US","@id":"https:\/\/meteoinfo.si\/radarska-slika-padavin\/#primaryimage","url":"https:\/\/radar.vreme-podnebje.si\/images\/radarska_slika.png","contentUrl":"https:\/\/radar.vreme-podnebje.si\/images\/radarska_slika.png"},{"@type":"BreadcrumbList","@id":"https:\/\/meteoinfo.si\/radarska-slika-padavin\/#breadcrumb","itemListElement":[{"@type":"ListItem","position":1,"name":"Home","item":"https:\/\/meteoinfo.si\/"},{"@type":"ListItem","position":2,"name":"Radarska slika padavin"}]},{"@type":"WebSite","@id":"https:\/\/meteoinfo.si\/#website","url":"https:\/\/meteoinfo.si\/","name":"Meteoinfo","description":"Meteoinfo Slovenija je spletni portal skupine ljubiteljev opazovanja in prou\u010devanja ekstremnih vremenskih pojavov ter podnebja.","publisher":{"@id":"https:\/\/meteoinfo.si\/#organization"},"potentialAction":[{"@type":"SearchAction","target":{"@type":"EntryPoint","urlTemplate":"https:\/\/meteoinfo.si\/?s={search_term_string}"},"query-input":{"@type":"PropertyValueSpecification","valueRequired":true,"valueName":"search_term_string"}}],"inLanguage":"en-US"},{"@type":"Organization","@id":"https:\/\/meteoinfo.si\/#organization","name":"Meteoinfo Slovenija","url":"https:\/\/meteoinfo.si\/","logo":{"@type":"ImageObject","inLanguage":"en-US","@id":"https:\/\/meteoinfo.si\/#\/schema\/logo\/image\/","url":"https:\/\/meteoinfo.si\/wp-content\/uploads\/2023\/08\/meteoinfo_logo.png","contentUrl":"https:\/\/meteoinfo.si\/wp-content\/uploads\/2023\/08\/meteoinfo_logo.png","width":260,"height":27,"caption":"Meteoinfo Slovenija"},"image":{"@id":"https:\/\/meteoinfo.si\/#\/schema\/logo\/image\/"},"sameAs":["https:\/\/www.facebook.com\/meteoinfoslovenija","https:\/\/x.com\/MeteoinfoSi","https:\/\/www.instagram.com\/meteoinfo.si\/","https:\/\/www.tiktok.com\/@meteoinfo.slo"]}]}},"_links":{"self":[{"href":"https:\/\/meteoinfo.si\/en\/wp-json\/wp\/v2\/pages\/79","targetHints":{"allow":["GET"]}}],"collection":[{"href":"https:\/\/meteoinfo.si\/en\/wp-json\/wp\/v2\/pages"}],"about":[{"href":"https:\/\/meteoinfo.si\/en\/wp-json\/wp\/v2\/types\/page"}],"author":[{"embeddable":true,"href":"https:\/\/meteoinfo.si\/en\/wp-json\/wp\/v2\/users\/5"}],"replies":[{"embeddable":true,"href":"https:\/\/meteoinfo.si\/en\/wp-json\/wp\/v2\/comments?post=79"}],"version-history":[{"count":88,"href":"https:\/\/meteoinfo.si\/en\/wp-json\/wp\/v2\/pages\/79\/revisions"}],"predecessor-version":[{"id":14631,"href":"https:\/\/meteoinfo.si\/en\/wp-json\/wp\/v2\/pages\/79\/revisions\/14631"}],"wp:attachment":[{"href":"https:\/\/meteoinfo.si\/en\/wp-json\/wp\/v2\/media?parent=79"}],"curies":[{"name":"wp","href":"https:\/\/api.w.org\/{rel}","templated":true}]}}