{"id":3947,"date":"2023-08-03T17:12:14","date_gmt":"2023-08-03T15:12:14","guid":{"rendered":"https:\/\/www.meteoinfo.si\/?page_id=3947"},"modified":"2023-08-05T22:21:56","modified_gmt":"2023-08-05T20:21:56","slug":"kontakt-in-sodelovanje","status":"publish","type":"page","link":"https:\/\/meteoinfo.si\/en\/kontakt-in-sodelovanje\/","title":{"rendered":"Kontakt in sodelovanje"},"content":{"rendered":"\n<h2 class=\"wp-block-heading\">Mo\u017enosti sodelovanja<\/h2>\n\n\n\n<p>Veliko nam pomeni, da \u0161ir\u0161i javnosti pomagamo pri posredovanju informacij o vremenu in ekstremnih vremenskih pojavih.<strong> <\/strong>V ta namen ponujamo ve\u010d razli\u010dnih <strong>produktov<\/strong>, kot so napoved neviht, napoved vi\u0161ine novozapadlega snega, splo\u0161ne napovedi, razli\u010dni grafi\u010dni prikazi, informacije iz terena, slikovno gradivo ter razli\u010dni poljudni in strokovni prispevki.<\/p>\n\n\n\n<p>V na\u0161i <a href=\"https:\/\/www.meteoinfo.si\/ekipa\/\" target=\"_blank\" rel=\"noreferrer noopener\">ekipi<\/a> smo zdru\u017eeni tako ljubiteljski vremenoslovci kot tudi meteorologi, ki izdajamo splo\u0161ne napovedi, napovedi neviht in vi\u0161ine sne\u017ene odeje ter zbiramo informacije in fotografije na terenu <strong>\u017ee ve\u010d kot 10 let<\/strong>.<strong> <\/strong>Na podlagi na\u0161ih znanj in izku\u0161enj ter pregleda trenutnih vremenskih razmer in razli\u010dnih produktov <a href=\"https:\/\/www.meteoinfo.si\/meteoroloski-modeli\/\" target=\"_blank\" rel=\"noreferrer noopener\">meteorolo\u0161kih modelov<\/a>, izdamo najbolj\u0161o mo\u017eno napoved, ki jo po potrebi tudi posodobimo. <strong>A\u017eurnost <\/strong>je na prvem mestu.<\/p>\n\n\n\n<hr class=\"wp-block-separator has-text-color has-gridlove-bg-color has-alpha-channel-opacity has-gridlove-bg-background-color has-background is-style-wide\"\/>\n\n\n\n<h3 class=\"wp-block-heading\">Na\u0161i produkti<\/h3>\n\n\n\n<p>Na na\u0161ih straneh vam ponujamo \u0161tevilne z vremenom povezane vsebine in produkte.<\/p>\n\n\n\n<div class=\"mks_toggle\">\r\n            <div class=\"mks_toggle_heading\">Prognoza neviht<i class=\"fa fa-plus\"><\/i><i class=\"fa fa-minus\"><\/i><\/div>\r\n                <div class=\"mks_toggle_content\">Eden na\u0161ih glavnih produktov je karta in razlaga <a href=\"https:\/\/www.meteoinfo.si\/kategorije\/napoved-neviht\/\" target=\"_blank\" rel=\"noreferrer noopener\">napovedi neviht<\/a> za Slovenijo in bli\u017enjo okolico. Na zemljevidu prika\u017eemo obmo\u010dja, kjer se glede na napovedi ve\u010d regionalnih meteorolo\u0161kih modelov predvideva dolo\u010dena verjetnost za nastanek neviht razli\u010dne intenzitete, ki je opredeljena z ve\u010d stopnjami. Napovedane vremenske razmere obrazlo\u017eimo tudi v besedi ter objavimo za\u010detek in konec veljavnosti situacije.<\/div>\r\n            <\/div>\n\n\n\n<div class=\"mks_toggle\">\r\n            <div class=\"mks_toggle_heading\">Prognoza vi\u0161ine novozapadlega snega<i class=\"fa fa-plus\"><\/i><i class=\"fa fa-minus\"><\/i><\/div>\r\n                <div class=\"mks_toggle_content\">V zimskem \u010dasu izdajamo tudi <a href=\"https:\/\/www.meteoinfo.si\/kategorije\/napoved-snega\/\" target=\"_blank\" rel=\"noreferrer noopener\">napoved vi\u0161ine novozapadlega snega<\/a>. Na karti z razli\u010dno obarvanimi obmo\u010dji prika\u017eemo predvideno vi\u0161ino novozapadlega snega za posamezno obmo\u010dje. Poleg grafike napoved tudi obrazlo\u017eimo. Napoved vsebuje za\u010detek in konec veljavnosti situacije.<\/div>\r\n            <\/div>\n\n\n\n<div class=\"mks_toggle\">\r\n            <div class=\"mks_toggle_heading\">Splo\u0161ne vremenske napovedi<i class=\"fa fa-plus\"><\/i><i class=\"fa fa-minus\"><\/i><\/div>\r\n                <div class=\"mks_toggle_content\">Vreme kroji vsakdan vseh nas. Od vremena so odvisne na\u0161e dejavnosti in nenazadnje, vreme vpliva tudi na na\u0161e po\u010dutje. Za namen obve\u0161\u010danja o aktualnih in prihodnjih vremenskih razmerah objavljamo prispevke s <a href=\"https:\/\/www.meteoinfo.si\/kategorije\/splosne-napovedi\/\" target=\"_blank\" rel=\"noreferrer noopener\">splo\u0161nimi napovedmi<\/a>. Te vsebinsko zajemajo kratkoro\u010dne in srednjero\u010dne napovedi, hkrati pa se v njih navezujemo tudi na trenutno vremensko situacijo pri nas in v na\u0161i okolici.<\/div>\r\n            <\/div>\n\n\n\n<div class=\"mks_toggle\">\r\n            <div class=\"mks_toggle_heading\">Analize in razlage vremenskih pojavov<i class=\"fa fa-plus\"><\/i><i class=\"fa fa-minus\"><\/i><\/div>\r\n                <div class=\"mks_toggle_content\">Na na\u0161ih straneh lahko najdete tudi <a href=\"https:\/\/www.meteoinfo.si\/kategorije\/porocila\/\" target=\"_blank\" rel=\"noreferrer noopener\">analize preteklih ekstremnih vremenskih dogodkov<\/a>, razlage vremenskih pojavov in \u0161tevilne druge izobra\u017eevalne vsebine, s katerimi se trudimo na zanimiv in poljuden na\u010din vremenske pojave pribli\u017eati naj\u0161ir\u0161emu krogu bralcev.<\/div>\r\n            <\/div>\n\n\n\n<div class=\"mks_toggle\">\r\n            <div class=\"mks_toggle_heading\">Grafi\u010dni prikazi<i class=\"fa fa-plus\"><\/i><i class=\"fa fa-minus\"><\/i><\/div>\r\n                <div class=\"mks_toggle_content\">Ponujamo vam ve\u010d vrst lastnih grafi\u010dnih prikazov razli\u010dnih meteorolo\u0161kih podatkov, katerih vir je Agencija RS za okolje ali meteorolo\u0161ke slu\u017ebe sosednjih dr\u017eav. Med njimi so radarska slika in animacija padavin, karta udarov strel, karta skupne vi\u0161ine padavin in \u0161tevila padavinskih dni v poljubnem obdobju, prikazi napovedi razli\u010dnih meteorolo\u0161kih modelov ter vertikalne sonda\u017ee.<\/div>\r\n            <\/div>\n\n\n\n<div class=\"mks_toggle\">\r\n            <div class=\"mks_toggle_heading\">Informacije s terena<i class=\"fa fa-plus\"><\/i><i class=\"fa fa-minus\"><\/i><\/div>\r\n                <div class=\"mks_toggle_content\">\u010clani na\u0161e ekipe smo v primeru izjemnih vremenskih dogodkov pogosto na terenu, pri \u010demer pokrivamo celotno obmo\u010dje Slovenije ter bli\u017enjo okolico. Od nas lahko pridobite informacije s terena iz prve roke.<\/div>\r\n            <\/div>\n\n\n\n<div class=\"mks_toggle\">\r\n            <div class=\"mks_toggle_heading\">Fotografije<i class=\"fa fa-plus\"><\/i><i class=\"fa fa-minus\"><\/i><\/div>\r\n                <div class=\"mks_toggle_content\">Ve\u010dina na\u0161ih \u010dlanov se ljubiteljsko ukvarja tudi s <a href=\"https:\/\/www.meteoinfo.si\/kategorije\/fotogalerija\/\" target=\"_blank\" rel=\"noreferrer noopener\">fotografiranjem<\/a> zanimivih in ekstremnih vremenskih pojavov. Svoje objave in analize tako dopolnimo in podkrepimo s slikovnim gradivom, ki ga lahko tudi pridobite v polni lo\u010dljivosti. Najpogosteje fotografiramo pojave, kot so nevihte (nevihtni oblaki, strele, posledice neurij), razli\u010dni tipi oblakov, zimske razmere (velike koli\u010dine snega, ivje, \u017eled) in posledice ostalih vremenskih ujm (poplave, mo\u010dna burja, su\u0161a &#8230;). Poleg tega se ukvarjamo tudi s pokrajinsko in astrofotografijo.<\/div>\r\n            <\/div>\n\n\n\n<hr class=\"wp-block-separator has-text-color has-gridlove-bg-color has-alpha-channel-opacity has-gridlove-bg-background-color has-background is-style-wide\"\/>\n\n\n\n<h2 class=\"wp-block-heading\">Kontaktni obrazec<\/h2>\n\n\n\n<p>V primeru vpra\u0161anj nas lahko kontaktirate preko spodnjega obrazca ali nam pi\u0161ete na elektronski naslov.<\/p>\n\n\n<div class=\"wpforms-container wpforms-container-full wpforms-block wpforms-block-0e178aed-fff3-4c31-8ac9-005150609a40 wpf-white-background wpf-labels wpforms-render-modern\" id=\"wpforms-2417\"><form id=\"wpforms-form-2417\" class=\"wpforms-validate wpforms-form\" data-formid=\"2417\" method=\"post\" enctype=\"multipart\/form-data\" action=\"\/en\/wp-json\/wp\/v2\/pages\/3947\" data-token=\"73313324ef93de5e035389195b75f4cf\" data-token-time=\"1778260433\"><noscript class=\"wpforms-error-noscript\">Please enable JavaScript in your browser to complete this form.<\/noscript><div id=\"wpforms-error-noscript\" style=\"display: none;\">Please enable JavaScript in your browser to complete this form.<\/div><div class=\"wpforms-field-container\"><div id=\"wpforms-2417-field_0-container\" class=\"wpforms-field wpforms-field-name\" data-field-id=\"0\"><label class=\"wpforms-field-label\" for=\"wpforms-2417-field_0\">Ime in priimek <span class=\"wpforms-required-label\" aria-hidden=\"true\">*<\/span><\/label><input type=\"text\" id=\"wpforms-2417-field_0\" class=\"wpforms-field-large wpforms-field-required\" name=\"wpforms[fields][0]\" aria-errormessage=\"wpforms-2417-field_0-error\" required><\/div><div id=\"wpforms-2417-field_1-container\" class=\"wpforms-field wpforms-field-email\" data-field-id=\"1\"><label class=\"wpforms-field-label\" for=\"wpforms-2417-field_1\">Email <span class=\"wpforms-required-label\" aria-hidden=\"true\">*<\/span><\/label><input type=\"email\" id=\"wpforms-2417-field_1\" class=\"wpforms-field-large wpforms-field-required\" name=\"wpforms[fields][1]\" spellcheck=\"false\" aria-errormessage=\"wpforms-2417-field_1-error\" required><\/div><div id=\"wpforms-2417-field_2-container\" class=\"wpforms-field wpforms-field-textarea\" data-field-id=\"2\"><label class=\"wpforms-field-label\" for=\"wpforms-2417-field_2\">Sporo\u010dilo <span class=\"wpforms-required-label\" aria-hidden=\"true\">*<\/span><\/label><textarea id=\"wpforms-2417-field_2\" class=\"wpforms-field-medium wpforms-field-required\" name=\"wpforms[fields][2]\" aria-errormessage=\"wpforms-2417-field_2-error\" required><\/textarea><\/div><\/div><!-- .wpforms-field-container --><div class=\"wpforms-field wpforms-field-hp\"><label for=\"wpforms-2417-field-hp\" class=\"wpforms-field-label\">Name<\/label><input type=\"text\" name=\"wpforms[hp]\" id=\"wpforms-2417-field-hp\" class=\"wpforms-field-medium\"><\/div><div class=\"wpforms-recaptcha-container wpforms-is-recaptcha wpforms-is-recaptcha-type-v3\" ><input type=\"hidden\" name=\"wpforms[recaptcha]\" value=\"\"><\/div><div class=\"wpforms-submit-container\" ><input type=\"hidden\" name=\"wpforms[id]\" value=\"2417\"><input type=\"hidden\" name=\"page_title\" value=\"\"><input type=\"hidden\" name=\"page_url\" value=\"https:\/\/meteoinfo.si\/en\/wp-json\/wp\/v2\/pages\/3947\"><input type=\"hidden\" name=\"url_referer\" value=\"\"><button type=\"submit\" name=\"wpforms[submit]\" id=\"wpforms-submit-2417\" class=\"wpforms-submit\" data-alt-text=\"Po\u0161iljanje\" data-submit-text=\"Po\u0161lji\" aria-live=\"assertive\" value=\"wpforms-submit\">Po\u0161lji<\/button><\/div><\/form><\/div>  <!-- .wpforms-container -->\n\n\n<hr class=\"wp-block-separator has-text-color has-alpha-channel-opacity has-background is-style-wide\" style=\"background-color:#b3b3b3;color:#b3b3b3\"\/>\n\n\n\n<hr class=\"wp-block-separator has-text-color has-gridlove-bg-color has-alpha-channel-opacity has-gridlove-bg-background-color has-background is-style-wide\"\/>\n\n\n\n<h2 class=\"wp-block-heading\">Kontaktni podatki<\/h2>\n\n\n\n<i class=\"fa-regular fa-envelope fa-xl\"><\/i>&nbsp;&nbsp;\n<b><a href=\"mailto:ekipa@meteoinfo.si\">ekipa@meteoinfo.si<\/a><\/b>\n\n\n\n<hr class=\"wp-block-separator has-text-color has-gridlove-bg-color has-alpha-channel-opacity has-gridlove-bg-background-color has-background is-style-wide\"\/>\n\n\n\n<h4 class=\"wp-block-heading\"><strong>Uredniki spletne strani:<\/strong><\/h4>\n\n\n\n<i class=\"fa-regular fa-envelope fa-xl\"><\/i>&nbsp;&nbsp;\n<b>Rok Nosan &#8211; <\/b>\n<b><a href=\"mailto:rok993@gmail.com\">rok993@gmail.com<\/a><\/b>\n<p><\/p>\n<i class=\"fa-regular fa-envelope fa-xl\"><\/i>&nbsp;&nbsp;\n<b>Ale\u0161 Rozman &#8211; <\/b>\n<b><a href=\"mailto:ales.rozika@gmail.com\">ales.rozika@gmail.com<\/a><\/b>\n<p><\/p>\n<i class=\"fa-regular fa-envelope fa-xl\"><\/i>&nbsp;&nbsp;\n<b>Amadej Krepek &#8211; <\/b>\n<b><a href=\"mailto:krepekamadej@gmail.com\">krepekamadej@gmail.com<\/a><\/b>\n<p><\/p>\n<i class=\"fa-regular fa-envelope fa-xl\"><\/i>&nbsp;&nbsp;\n<b>Domen Svetlin &#8211; <\/b>\n<b><a href=\"mailto:domen.svetlin@gmail.com\">domen.svetlin@gmail.com<\/a><\/b>\n<p><\/p>\n<i class=\"fa-regular fa-envelope fa-xl\"><\/i>&nbsp;&nbsp;\n<b>Tim Gre\u0161ak &#8211; <\/b>\n<b><a href=\"mailto:gresaktim@gmail.com\">gresaktim@gmail.com<\/a><\/b>\n","protected":false},"excerpt":{"rendered":"<p>Mo\u017enosti sodelovanja Veliko nam pomeni, da \u0161ir\u0161i javnosti pomagamo pri posredovanju informacij o vremenu in ekstremnih vremenskih pojavih. V ta namen ponujamo ve\u010d razli\u010dnih produktov, kot so napoved neviht, napoved vi\u0161ine novozapadlega snega, splo\u0161ne napovedi, razli\u010dni grafi\u010dni prikazi, informacije iz terena, slikovno gradivo ter razli\u010dni poljudni in strokovni prispevki. V na\u0161i ekipi smo zdru\u017eeni tako [&hellip;]<\/p>\n","protected":false},"author":2,"featured_media":0,"parent":0,"menu_order":0,"comment_status":"closed","ping_status":"closed","template":"","meta":{"footnotes":""},"class_list":["post-3947","page","type-page","status-publish","hentry"],"yoast_head":"<!-- This site is optimized with the Yoast SEO plugin v27.5 - https:\/\/yoast.com\/product\/yoast-seo-wordpress\/ -->\n<title>Kontakt in sodelovanje - Meteoinfo Slovenija<\/title>\n<meta name=\"description\" content=\"V primeru vpra\u0161anj nas lahko kontaktirate preko spodnjega obrazca ali nam pi\u0161ete na elektronski naslov. Vabljeni k sodelovanju z nami.\" \/>\n<meta name=\"robots\" content=\"index, follow, max-snippet:-1, max-image-preview:large, max-video-preview:-1\" \/>\n<link rel=\"canonical\" href=\"https:\/\/meteoinfo.si\/en\/kontakt-in-sodelovanje\/\" \/>\n<meta property=\"og:locale\" content=\"en_US\" \/>\n<meta property=\"og:locale:alternate\" content=\"sl_SI\" \/>\n<meta property=\"og:type\" content=\"article\" \/>\n<meta property=\"og:title\" content=\"Kontakt in sodelovanje - Meteoinfo Slovenija\" \/>\n<meta property=\"og:description\" content=\"V primeru vpra\u0161anj nas lahko kontaktirate preko spodnjega obrazca ali nam pi\u0161ete na elektronski naslov. Vabljeni k sodelovanju z nami.\" \/>\n<meta property=\"og:url\" content=\"https:\/\/meteoinfo.si\/en\/kontakt-in-sodelovanje\/\" \/>\n<meta property=\"og:site_name\" content=\"Meteoinfo Slovenija\" \/>\n<meta property=\"article:publisher\" content=\"https:\/\/www.facebook.com\/meteoinfoslovenija\" \/>\n<meta property=\"article:modified_time\" content=\"2023-08-05T20:21:56+00:00\" \/>\n<meta name=\"twitter:card\" content=\"summary_large_image\" \/>\n<meta name=\"twitter:site\" content=\"@MeteoinfoSi\" \/>\n<meta name=\"twitter:label1\" content=\"Est. reading time\" \/>\n\t<meta name=\"twitter:data1\" content=\"3 minutes\" \/>\n<script type=\"application\/ld+json\" class=\"yoast-schema-graph\">{\"@context\":\"https:\\\/\\\/schema.org\",\"@graph\":[{\"@type\":\"WebPage\",\"@id\":\"https:\\\/\\\/meteoinfo.si\\\/kontakt-in-sodelovanje\\\/\",\"url\":\"https:\\\/\\\/meteoinfo.si\\\/kontakt-in-sodelovanje\\\/\",\"name\":\"Kontakt in sodelovanje - Meteoinfo Slovenija\",\"isPartOf\":{\"@id\":\"https:\\\/\\\/meteoinfo.si\\\/#website\"},\"datePublished\":\"2023-08-03T15:12:14+00:00\",\"dateModified\":\"2023-08-05T20:21:56+00:00\",\"description\":\"V primeru vpra\u0161anj nas lahko kontaktirate preko spodnjega obrazca ali nam pi\u0161ete na elektronski naslov. Vabljeni k sodelovanju z nami.\",\"breadcrumb\":{\"@id\":\"https:\\\/\\\/meteoinfo.si\\\/kontakt-in-sodelovanje\\\/#breadcrumb\"},\"inLanguage\":\"en-US\",\"potentialAction\":[{\"@type\":\"ReadAction\",\"target\":[\"https:\\\/\\\/meteoinfo.si\\\/kontakt-in-sodelovanje\\\/\"]}]},{\"@type\":\"BreadcrumbList\",\"@id\":\"https:\\\/\\\/meteoinfo.si\\\/kontakt-in-sodelovanje\\\/#breadcrumb\",\"itemListElement\":[{\"@type\":\"ListItem\",\"position\":1,\"name\":\"Home\",\"item\":\"https:\\\/\\\/meteoinfo.si\\\/\"},{\"@type\":\"ListItem\",\"position\":2,\"name\":\"Kontakt in sodelovanje\"}]},{\"@type\":\"WebSite\",\"@id\":\"https:\\\/\\\/meteoinfo.si\\\/#website\",\"url\":\"https:\\\/\\\/meteoinfo.si\\\/\",\"name\":\"Meteoinfo\",\"description\":\"Meteoinfo Slovenija je spletni portal skupine ljubiteljev opazovanja in prou\u010devanja ekstremnih vremenskih pojavov ter podnebja.\",\"publisher\":{\"@id\":\"https:\\\/\\\/meteoinfo.si\\\/#organization\"},\"potentialAction\":[{\"@type\":\"SearchAction\",\"target\":{\"@type\":\"EntryPoint\",\"urlTemplate\":\"https:\\\/\\\/meteoinfo.si\\\/?s={search_term_string}\"},\"query-input\":{\"@type\":\"PropertyValueSpecification\",\"valueRequired\":true,\"valueName\":\"search_term_string\"}}],\"inLanguage\":\"en-US\"},{\"@type\":\"Organization\",\"@id\":\"https:\\\/\\\/meteoinfo.si\\\/#organization\",\"name\":\"Meteoinfo Slovenija\",\"url\":\"https:\\\/\\\/meteoinfo.si\\\/\",\"logo\":{\"@type\":\"ImageObject\",\"inLanguage\":\"en-US\",\"@id\":\"https:\\\/\\\/meteoinfo.si\\\/#\\\/schema\\\/logo\\\/image\\\/\",\"url\":\"https:\\\/\\\/meteoinfo.si\\\/wp-content\\\/uploads\\\/2023\\\/08\\\/meteoinfo_logo.png\",\"contentUrl\":\"https:\\\/\\\/meteoinfo.si\\\/wp-content\\\/uploads\\\/2023\\\/08\\\/meteoinfo_logo.png\",\"width\":260,\"height\":27,\"caption\":\"Meteoinfo Slovenija\"},\"image\":{\"@id\":\"https:\\\/\\\/meteoinfo.si\\\/#\\\/schema\\\/logo\\\/image\\\/\"},\"sameAs\":[\"https:\\\/\\\/www.facebook.com\\\/meteoinfoslovenija\",\"https:\\\/\\\/x.com\\\/MeteoinfoSi\",\"https:\\\/\\\/www.instagram.com\\\/meteoinfo.si\\\/\",\"https:\\\/\\\/www.tiktok.com\\\/@meteoinfo.slo\"]}]}<\/script>\n<!-- \/ Yoast SEO plugin. -->","yoast_head_json":{"title":"Kontakt in sodelovanje - Meteoinfo Slovenija","description":"V primeru vpra\u0161anj nas lahko kontaktirate preko spodnjega obrazca ali nam pi\u0161ete na elektronski naslov. Vabljeni k sodelovanju z nami.","robots":{"index":"index","follow":"follow","max-snippet":"max-snippet:-1","max-image-preview":"max-image-preview:large","max-video-preview":"max-video-preview:-1"},"canonical":"https:\/\/meteoinfo.si\/en\/kontakt-in-sodelovanje\/","og_locale":"en_US","og_type":"article","og_title":"Kontakt in sodelovanje - Meteoinfo Slovenija","og_description":"V primeru vpra\u0161anj nas lahko kontaktirate preko spodnjega obrazca ali nam pi\u0161ete na elektronski naslov. Vabljeni k sodelovanju z nami.","og_url":"https:\/\/meteoinfo.si\/en\/kontakt-in-sodelovanje\/","og_site_name":"Meteoinfo Slovenija","article_publisher":"https:\/\/www.facebook.com\/meteoinfoslovenija","article_modified_time":"2023-08-05T20:21:56+00:00","twitter_card":"summary_large_image","twitter_site":"@MeteoinfoSi","twitter_misc":{"Est. reading time":"3 minutes"},"schema":{"@context":"https:\/\/schema.org","@graph":[{"@type":"WebPage","@id":"https:\/\/meteoinfo.si\/kontakt-in-sodelovanje\/","url":"https:\/\/meteoinfo.si\/kontakt-in-sodelovanje\/","name":"Kontakt in sodelovanje - Meteoinfo Slovenija","isPartOf":{"@id":"https:\/\/meteoinfo.si\/#website"},"datePublished":"2023-08-03T15:12:14+00:00","dateModified":"2023-08-05T20:21:56+00:00","description":"V primeru vpra\u0161anj nas lahko kontaktirate preko spodnjega obrazca ali nam pi\u0161ete na elektronski naslov. Vabljeni k sodelovanju z nami.","breadcrumb":{"@id":"https:\/\/meteoinfo.si\/kontakt-in-sodelovanje\/#breadcrumb"},"inLanguage":"en-US","potentialAction":[{"@type":"ReadAction","target":["https:\/\/meteoinfo.si\/kontakt-in-sodelovanje\/"]}]},{"@type":"BreadcrumbList","@id":"https:\/\/meteoinfo.si\/kontakt-in-sodelovanje\/#breadcrumb","itemListElement":[{"@type":"ListItem","position":1,"name":"Home","item":"https:\/\/meteoinfo.si\/"},{"@type":"ListItem","position":2,"name":"Kontakt in sodelovanje"}]},{"@type":"WebSite","@id":"https:\/\/meteoinfo.si\/#website","url":"https:\/\/meteoinfo.si\/","name":"Meteoinfo","description":"Meteoinfo Slovenija je spletni portal skupine ljubiteljev opazovanja in prou\u010devanja ekstremnih vremenskih pojavov ter podnebja.","publisher":{"@id":"https:\/\/meteoinfo.si\/#organization"},"potentialAction":[{"@type":"SearchAction","target":{"@type":"EntryPoint","urlTemplate":"https:\/\/meteoinfo.si\/?s={search_term_string}"},"query-input":{"@type":"PropertyValueSpecification","valueRequired":true,"valueName":"search_term_string"}}],"inLanguage":"en-US"},{"@type":"Organization","@id":"https:\/\/meteoinfo.si\/#organization","name":"Meteoinfo Slovenija","url":"https:\/\/meteoinfo.si\/","logo":{"@type":"ImageObject","inLanguage":"en-US","@id":"https:\/\/meteoinfo.si\/#\/schema\/logo\/image\/","url":"https:\/\/meteoinfo.si\/wp-content\/uploads\/2023\/08\/meteoinfo_logo.png","contentUrl":"https:\/\/meteoinfo.si\/wp-content\/uploads\/2023\/08\/meteoinfo_logo.png","width":260,"height":27,"caption":"Meteoinfo Slovenija"},"image":{"@id":"https:\/\/meteoinfo.si\/#\/schema\/logo\/image\/"},"sameAs":["https:\/\/www.facebook.com\/meteoinfoslovenija","https:\/\/x.com\/MeteoinfoSi","https:\/\/www.instagram.com\/meteoinfo.si\/","https:\/\/www.tiktok.com\/@meteoinfo.slo"]}]}},"_links":{"self":[{"href":"https:\/\/meteoinfo.si\/en\/wp-json\/wp\/v2\/pages\/3947","targetHints":{"allow":["GET"]}}],"collection":[{"href":"https:\/\/meteoinfo.si\/en\/wp-json\/wp\/v2\/pages"}],"about":[{"href":"https:\/\/meteoinfo.si\/en\/wp-json\/wp\/v2\/types\/page"}],"author":[{"embeddable":true,"href":"https:\/\/meteoinfo.si\/en\/wp-json\/wp\/v2\/users\/2"}],"replies":[{"embeddable":true,"href":"https:\/\/meteoinfo.si\/en\/wp-json\/wp\/v2\/comments?post=3947"}],"version-history":[{"count":40,"href":"https:\/\/meteoinfo.si\/en\/wp-json\/wp\/v2\/pages\/3947\/revisions"}],"predecessor-version":[{"id":4144,"href":"https:\/\/meteoinfo.si\/en\/wp-json\/wp\/v2\/pages\/3947\/revisions\/4144"}],"wp:attachment":[{"href":"https:\/\/meteoinfo.si\/en\/wp-json\/wp\/v2\/media?parent=3947"}],"curies":[{"name":"wp","href":"https:\/\/api.w.org\/{rel}","templated":true}]}}