{"id":3050,"date":"2023-06-20T17:45:34","date_gmt":"2023-06-20T15:45:34","guid":{"rendered":"https:\/\/meteoinfo.si\/?page_id=3050"},"modified":"2026-04-22T19:54:34","modified_gmt":"2026-04-22T17:54:34","slug":"vertikalne-sondaze","status":"publish","type":"page","link":"https:\/\/meteoinfo.si\/en\/vertikalne-sondaze\/","title":{"rendered":"Vertikalne sonda\u017ee"},"content":{"rendered":"\n<p>Vertikalna sonda\u017ea prikazuje potek temperature, vlage ter smeri in hitrosti<br>vetra z vi\u0161ino nad dolo\u010denim obmo\u010djem. Sonda\u017ene meritve se ve\u010dinoma izvajajo s pomo\u010djo meteorolo\u0161kega balona, na katerega so pritrjeni merilni instrumenti, GPS sprejemnik in oddajnik signala.<\/p>\n\n\n\n<hr class=\"wp-block-separator has-text-color has-gridlove-bg-color has-alpha-channel-opacity has-gridlove-bg-background-color has-background is-style-wide\"\/>\n\n\n\n<p><strong>Vertikalna sonda\u017ea nad Ljubljano ob 23.30 UTC in 11.30 UTC (<\/strong><a data-type=\"URL\" data-id=\"http:\/www.arso.gov.si\/vreme\/napovedi%20in%20podatki\/vertikalna_sondaza.html\" href=\"http:\/www.arso.gov.si\/vreme\/napovedi%20in%20podatki\/vertikalna_sondaza.html\" target=\"_blank\" rel=\"noreferrer noopener\"><strong>ARSO<\/strong><\/a><strong>)<\/strong><\/p>\n\n\n\n<figure class=\"wp-block-image size-large\"><a class=\"gridlove-popup-img\" href=\"https:\/\/meteo.arso.gov.si\/uploads\/probase\/www\/observ\/upper\/sigps_ljubljana-bezigrad_zoom.png\"><img decoding=\"async\" src=\"https:\/\/meteo.arso.gov.si\/uploads\/probase\/www\/observ\/upper\/sigps_ljubljana-bezigrad_zoom.png\" alt=\"\"\/><\/a><\/figure>\n\n\n\n<p>Zgornja vertikalna sonde\u017ea je prikazana na emegramu do nadmorske vi\u0161ine pribli\u017eno 3000 m (700 hPa). Na navpi\u010dni osi je prikazan zra\u010dni tlak oziroma nadmorska vi\u0161ina, na vodoravni pa temperatura. Modra linija predstavlja potek temperature, svetlo rde\u010da pa potek temperature rosi\u0161\u010da. Ve\u010dja kot je razlika med obema temperaturama, manj\u0161a je relativna vla\u017enost zraka. Kjer se liniji prekrivata ali pa se vsaj mo\u010dno pribli\u017eata, je obi\u010dajno plast obla\u010dnosti (megla).<\/p>\n\n\n\n<p>Na desni strani grafa sta s pu\u0161\u010dicami ozna\u010deni tudi smer in hitrost vetra. Krogec pomeni brezvetrje, samo pali\u010dica veter 2,5 vozla (pribli\u017eno 1,25 m\/s), kratek repek 5 vozlov (pribli\u017eno 2,5 m\/s), dolg repek (zastavica) 10 vozlov (pribli\u017eno 5 m\/s), trikotnik pa 50 vozlov (pribli\u017eno 25 m\/s). Veter piha v smeri od repkov proti za\u010detku pu\u0161\u010dice.<\/p>\n\n\n\n<hr class=\"wp-block-separator has-text-color has-gridlove-bg-color has-alpha-channel-opacity has-gridlove-bg-background-color has-background is-style-wide\"\/>\n\n\n\n<p><strong>Vertikalna sonda\u017ea nad Ljubljano ob <strong>23.30 UTC in 11.30 UTC<\/strong> (<\/strong><a data-type=\"URL\" data-id=\"http:\/meteo.arso.gov.si\/met\/sl\/aviation\/\" href=\"http:\/meteo.arso.gov.si\/met\/sl\/aviation\/\" target=\"_blank\" rel=\"noreferrer noopener\"><strong>ARSO<\/strong><\/a><strong>)<\/strong><\/p>\n\n\n\n<figure class=\"wp-block-image size-large\"><a class=\"gridlove-popup-img\" href=\"https:\/\/meteo.arso.gov.si\/uploads\/probase\/www\/aviation\/observ\/upper\/graphic\/sigps_ljubljana-bezigrad.png\"><img decoding=\"async\" src=\"https:\/\/meteo.arso.gov.si\/uploads\/probase\/www\/aviation\/observ\/upper\/graphic\/sigps_ljubljana-bezigrad.png\" alt=\"\"\/><\/a><\/figure>\n\n\n\n<p>Zgornja vertikalna sonde\u017ea je za razliko od prej\u0161nje prikazana na t.i. Skew-T log-P termodinami\u010dnem diagramu do nadmorske vi\u0161ine pribli\u017eno 16 km (100 hPa). Zra\u010dni tlak na vertikalni osi je prav tako v logaritemski skali. Za omenjeni diagram je zna\u010dilno predvsem, da so izoterme (linije, ki prikazujejo enako temperaturo) nagnjene (zasukane) za 45\u00b0 na desno. Temperaturo se tako ne od\u010ditava navpi\u010dno, temve\u010d pod kotom 45\u00b0 do vodoravne osi. Vi\u0161ina, na kateri temperaturna krivulja obrne smer in je nadalje pribli\u017eno vzporedna z izotermami, predstavlja vi\u0161ino tropopavze, zgornjega roba troposfere. Od tam naprej v spodnjem sloju stratosfere temperatura z vi\u0161ino ne pada ve\u010d, \u0161e vi\u0161je pa celo nara\u0161\u010da.<\/p>\n\n\n\n<p>Tak\u0161en diagram je \u0161e posebej priro\u010den pri ocenjevanju pogojev za nastanek in razvoj neviht, saj z njegovo pomo\u010djo hitro razberemo ali je ozra\u010dje stabilno ali nestabilno, ter vse ostale pomembne pogoje za izrazito konvekcijo (profil temperature in vlage, koli\u010dina razpolo\u017eljive konvektivne potencialne energije, vetrovni profil \u2013 stri\u017eenje vetra, morebitna zaporna (inverzna) plast, vi\u0161ina kondenzacijskega nivoja in nivoja proste konvekcije, vi\u0161ina nakoval oziroma ravnovesnega nivoja itd.). Za namen prepoznavanja vseh teh pogojev so na termodinami\u010dnem diagramu poleg temperature in nadmorske vi\u0161ine oziroma zra\u010dnega tlaka zarisane tudi druge izolinije, s pomo\u010djo katerih la\u017eje razberemo mo\u017enosti za nastanek neviht. Mednje sodijo krivulje suhe in nasi\u010dene adiabate ter linije razmerja me\u0161anosti (izograme).<\/p>\n\n\n\n<p>Na levi strani diagrama so zapisane vrednosti \u0161tevilnih indikatorjev, ki jih ve\u010dinoma lahko razberemo z diagrama. LCLP in LCLT predstavljata vi\u0161ino kondenzacijskega nivoja prisilnega dviga in temperaturo na tej vi\u0161ini. CAPE (J\/kg) je mera za dolo\u010danje energije, ki se lahko sprosti ob nastanku nevihte (razpolo\u017eljiva konvektivna potencialna energija). Vi\u0161je vrednosti pomenijo ve\u010d razpolo\u017eljive energije. Vrednost PWAT (kg\/m^2 ali mm) predstavlja vodo v stolpcu ozra\u010dja (koli\u010dino vode, ki bi padla na tla, \u010de bi se iz stolpca zraka izlo\u010dila vsa voda). Ve\u010d vode je na voljo v vertikalnem stolpcu zraka nad tlemi, mo\u010dnej\u0161i so lahko nalivi ob nevihtah in ve\u010dje so lahko koli\u010dine padavin. CCLP predstavljata vi\u0161ino kondenzacijskega nivoja delca zraka, ki se adiabatno dviga zaradi segrevanja pri tleh in vzgona. CCLT prikazuje temperaturo tega kondenzacijskega nivoja. TROPO(A) je vi\u0161ina tropopavze (zgornjega roba troposfere). Na diagramu je ozna\u010dena z vodoravno prekinjeno svetlo rde\u010do \u010drto.<\/p>\n\n\n\n<hr class=\"wp-block-separator has-text-color has-gridlove-bg-color has-alpha-channel-opacity has-gridlove-bg-background-color has-background is-style-wide\"\/>\n\n\n\n<p><strong>Vertikalna sonda\u017ea nad Zagrebom ob 12.00 UTC (<a href=\"http:\/meteocentre.com\/radiosonde\/get_sounding.php\" data-type=\"URL\" data-id=\"http:\/meteocentre.com\/radiosonde\/get_sounding.php\" target=\"_blank\" rel=\"noreferrer noopener\">MeteoCentre<\/a>)<\/strong><\/p>\n\n\n\n<figure class=\"wp-block-image size-large\"><a class=\"gridlove-popup-img\" href=\"https:\/\/meteocentre.com\/radiosonde\/images\/14240_12.gif\"><img decoding=\"async\" src=\"https:\/\/meteocentre.com\/radiosonde\/images\/14240_12.gif\" alt=\"\"\/><\/a><\/figure>\n\n\n\n<hr class=\"wp-block-separator has-text-color has-gridlove-bg-color has-alpha-channel-opacity has-gridlove-bg-background-color has-background is-style-wide\"\/>\n\n\n\n<p><strong>Vertikalna sonda\u017ea nad Zagrebom ob 0.00 UTC (<a rel=\"noreferrer noopener\" href=\"http:\/meteocentre.com\/radiosonde\/get_sounding.php\" data-type=\"URL\" data-id=\"http:\/meteocentre.com\/radiosonde\/get_sounding.php\" target=\"_blank\">MeteoCentre<\/a>)<\/strong><\/p>\n\n\n\n<figure class=\"wp-block-image size-large\"><a class=\"gridlove-popup-img\" href=\"https:\/\/meteocentre.com\/radiosonde\/images\/14240_00.gif\"><img decoding=\"async\" src=\"https:\/\/meteocentre.com\/radiosonde\/images\/14240_00.gif\" alt=\"\"\/><\/a><\/figure>\n\n\n\n<p>Vertikalni sonda\u017ei nad Zagrebom sta prav tako prikazani na Skew-T log-P termodinami\u010dnem diagramu do vi\u0161ine 100 hPa. Rde\u010da krivulja prikazuje temperaturo, sklenjena modra temperaturo mokrega termometra, prekinjena modra linija pa temperaturo rosi\u0161\u010da. Prekinjena magenta (ro\u017enata) krivulja prikazuje temperaturo dela zraka, ki se dviga od tal v povezavi z izra\u010dunom CAPE (razpolo\u017eljiva konvektivna potencialna energija). Pod diagramom so z ro\u017enato barvo zapisani tlak (hPa) na vi\u0161ini LCL (kondenzacijski nivo prisilnega dviga), temperatura (\u00b0C) na vi\u0161ini LCL, vrednost Showalterjevega indeksa (pokazatelj (ne)stabilnosti ozra\u010dja \u2013 bolj negativne vrednosti pomenijo bolj nestabilno ozra\u010dje), koli\u010dina vode v stolpcu zraka (mm) ter vrednost CAPE (J\/kg). Na desni strani diagrama so prikazane vetrne zastavice in nadmorska vi\u0161ina v kilometrih.<\/p>\n\n\n\n<p class=\"has-text-align-left\">Vertikalne sonda\u017ee za nekatera druga evropska mesta (poleg Zagreba tudi Videm (Udine), Dunaj \u2026) so dostopne na spletni strani&nbsp;<a rel=\"noreferrer noopener\" href=\"http:\/weather.uwyo.edu\/upperair\/sounding.html\" data-type=\"URL\" data-id=\"http:\/weather.uwyo.edu\/upperair\/sounding.html\" target=\"_blank\"><strong>univerze Wyoming<\/strong><\/a>,&nbsp;<a rel=\"noreferrer noopener\" href=\"http:\/meteocentre.com\/radiosonde\/get_sounding.php?stn=14240\" data-type=\"URL\" data-id=\"http:\/meteocentre.com\/radiosonde\/get_sounding.php?stn=14240\" target=\"_blank\"><strong>Meteocentre.com<\/strong><\/a>&nbsp;in&nbsp;<a rel=\"noreferrer noopener\" href=\"http:\/www.meteociel.com\/observations-meteo\/sondage.php?map=1\" data-type=\"URL\" data-id=\"http:\/www.meteociel.com\/observations-meteo\/sondage.php?map=1\" target=\"_blank\"><strong>Meteociel.com<\/strong><\/a>, kjer lahko dostopate tudi do arhiva sonda\u017e.<\/p>\n","protected":false},"excerpt":{"rendered":"<p>Vertikalna sonda\u017ea prikazuje potek temperature, vlage ter smeri in hitrostivetra z vi\u0161ino nad dolo\u010denim obmo\u010djem. Sonda\u017ene meritve se ve\u010dinoma izvajajo s pomo\u010djo meteorolo\u0161kega balona, na katerega so pritrjeni merilni instrumenti, GPS sprejemnik in oddajnik signala. Vertikalna sonda\u017ea nad Ljubljano ob 23.30 UTC in 11.30 UTC (ARSO) Zgornja vertikalna sonde\u017ea je prikazana na emegramu do nadmorske [&hellip;]<\/p>\n","protected":false},"author":2,"featured_media":0,"parent":0,"menu_order":0,"comment_status":"closed","ping_status":"closed","template":"","meta":{"footnotes":""},"class_list":["post-3050","page","type-page","status-publish","hentry"],"yoast_head":"<!-- This site is optimized with the Yoast SEO plugin v27.5 - https:\/\/yoast.com\/product\/yoast-seo-wordpress\/ -->\n<title>Vertikalne sonda\u017ee - Meteoinfo Slovenija<\/title>\n<meta name=\"robots\" content=\"index, follow, max-snippet:-1, max-image-preview:large, max-video-preview:-1\" \/>\n<link rel=\"canonical\" href=\"https:\/\/meteoinfo.si\/en\/vertikalne-sondaze\/\" \/>\n<meta property=\"og:locale\" content=\"en_US\" \/>\n<meta property=\"og:locale:alternate\" content=\"sl_SI\" \/>\n<meta property=\"og:type\" content=\"article\" \/>\n<meta property=\"og:title\" content=\"Vertikalne sonda\u017ee - Meteoinfo Slovenija\" \/>\n<meta property=\"og:description\" content=\"Vertikalna sonda\u017ea prikazuje potek temperature, vlage ter smeri in hitrostivetra z vi\u0161ino nad dolo\u010denim obmo\u010djem. Sonda\u017ene meritve se ve\u010dinoma izvajajo s pomo\u010djo meteorolo\u0161kega balona, na katerega so pritrjeni merilni instrumenti, GPS sprejemnik in oddajnik signala. Vertikalna sonda\u017ea nad Ljubljano ob 23.30 UTC in 11.30 UTC (ARSO) Zgornja vertikalna sonde\u017ea je prikazana na emegramu do nadmorske [&hellip;]\" \/>\n<meta property=\"og:url\" content=\"https:\/\/meteoinfo.si\/en\/vertikalne-sondaze\/\" \/>\n<meta property=\"og:site_name\" content=\"Meteoinfo Slovenija\" \/>\n<meta property=\"article:publisher\" content=\"https:\/\/www.facebook.com\/meteoinfoslovenija\" \/>\n<meta property=\"article:modified_time\" content=\"2026-04-22T17:54:34+00:00\" \/>\n<meta property=\"og:image\" content=\"https:\/\/meteo.arso.gov.si\/uploads\/probase\/www\/observ\/upper\/sigps_ljubljana-bezigrad_zoom.png\" \/>\n<meta name=\"twitter:card\" content=\"summary_large_image\" \/>\n<meta name=\"twitter:site\" content=\"@MeteoinfoSi\" \/>\n<meta name=\"twitter:label1\" content=\"Est. reading time\" \/>\n\t<meta name=\"twitter:data1\" content=\"5 minutes\" \/>\n<script type=\"application\/ld+json\" class=\"yoast-schema-graph\">{\"@context\":\"https:\\\/\\\/schema.org\",\"@graph\":[{\"@type\":\"WebPage\",\"@id\":\"https:\\\/\\\/meteoinfo.si\\\/vertikalne-sondaze\\\/\",\"url\":\"https:\\\/\\\/meteoinfo.si\\\/vertikalne-sondaze\\\/\",\"name\":\"Vertikalne sonda\u017ee - Meteoinfo Slovenija\",\"isPartOf\":{\"@id\":\"https:\\\/\\\/meteoinfo.si\\\/#website\"},\"primaryImageOfPage\":{\"@id\":\"https:\\\/\\\/meteoinfo.si\\\/vertikalne-sondaze\\\/#primaryimage\"},\"image\":{\"@id\":\"https:\\\/\\\/meteoinfo.si\\\/vertikalne-sondaze\\\/#primaryimage\"},\"thumbnailUrl\":\"https:\\\/\\\/meteo.arso.gov.si\\\/uploads\\\/probase\\\/www\\\/observ\\\/upper\\\/sigps_ljubljana-bezigrad_zoom.png\",\"datePublished\":\"2023-06-20T15:45:34+00:00\",\"dateModified\":\"2026-04-22T17:54:34+00:00\",\"breadcrumb\":{\"@id\":\"https:\\\/\\\/meteoinfo.si\\\/vertikalne-sondaze\\\/#breadcrumb\"},\"inLanguage\":\"en-US\",\"potentialAction\":[{\"@type\":\"ReadAction\",\"target\":[\"https:\\\/\\\/meteoinfo.si\\\/vertikalne-sondaze\\\/\"]}]},{\"@type\":\"ImageObject\",\"inLanguage\":\"en-US\",\"@id\":\"https:\\\/\\\/meteoinfo.si\\\/vertikalne-sondaze\\\/#primaryimage\",\"url\":\"https:\\\/\\\/meteo.arso.gov.si\\\/uploads\\\/probase\\\/www\\\/observ\\\/upper\\\/sigps_ljubljana-bezigrad_zoom.png\",\"contentUrl\":\"https:\\\/\\\/meteo.arso.gov.si\\\/uploads\\\/probase\\\/www\\\/observ\\\/upper\\\/sigps_ljubljana-bezigrad_zoom.png\"},{\"@type\":\"BreadcrumbList\",\"@id\":\"https:\\\/\\\/meteoinfo.si\\\/vertikalne-sondaze\\\/#breadcrumb\",\"itemListElement\":[{\"@type\":\"ListItem\",\"position\":1,\"name\":\"Home\",\"item\":\"https:\\\/\\\/meteoinfo.si\\\/\"},{\"@type\":\"ListItem\",\"position\":2,\"name\":\"Vertikalne sonda\u017ee\"}]},{\"@type\":\"WebSite\",\"@id\":\"https:\\\/\\\/meteoinfo.si\\\/#website\",\"url\":\"https:\\\/\\\/meteoinfo.si\\\/\",\"name\":\"Meteoinfo\",\"description\":\"Meteoinfo Slovenija je spletni portal skupine ljubiteljev opazovanja in prou\u010devanja ekstremnih vremenskih pojavov ter podnebja.\",\"publisher\":{\"@id\":\"https:\\\/\\\/meteoinfo.si\\\/#organization\"},\"potentialAction\":[{\"@type\":\"SearchAction\",\"target\":{\"@type\":\"EntryPoint\",\"urlTemplate\":\"https:\\\/\\\/meteoinfo.si\\\/?s={search_term_string}\"},\"query-input\":{\"@type\":\"PropertyValueSpecification\",\"valueRequired\":true,\"valueName\":\"search_term_string\"}}],\"inLanguage\":\"en-US\"},{\"@type\":\"Organization\",\"@id\":\"https:\\\/\\\/meteoinfo.si\\\/#organization\",\"name\":\"Meteoinfo Slovenija\",\"url\":\"https:\\\/\\\/meteoinfo.si\\\/\",\"logo\":{\"@type\":\"ImageObject\",\"inLanguage\":\"en-US\",\"@id\":\"https:\\\/\\\/meteoinfo.si\\\/#\\\/schema\\\/logo\\\/image\\\/\",\"url\":\"https:\\\/\\\/meteoinfo.si\\\/wp-content\\\/uploads\\\/2023\\\/08\\\/meteoinfo_logo.png\",\"contentUrl\":\"https:\\\/\\\/meteoinfo.si\\\/wp-content\\\/uploads\\\/2023\\\/08\\\/meteoinfo_logo.png\",\"width\":260,\"height\":27,\"caption\":\"Meteoinfo Slovenija\"},\"image\":{\"@id\":\"https:\\\/\\\/meteoinfo.si\\\/#\\\/schema\\\/logo\\\/image\\\/\"},\"sameAs\":[\"https:\\\/\\\/www.facebook.com\\\/meteoinfoslovenija\",\"https:\\\/\\\/x.com\\\/MeteoinfoSi\",\"https:\\\/\\\/www.instagram.com\\\/meteoinfo.si\\\/\",\"https:\\\/\\\/www.tiktok.com\\\/@meteoinfo.slo\"]}]}<\/script>\n<!-- \/ Yoast SEO plugin. -->","yoast_head_json":{"title":"Vertikalne sonda\u017ee - Meteoinfo Slovenija","robots":{"index":"index","follow":"follow","max-snippet":"max-snippet:-1","max-image-preview":"max-image-preview:large","max-video-preview":"max-video-preview:-1"},"canonical":"https:\/\/meteoinfo.si\/en\/vertikalne-sondaze\/","og_locale":"en_US","og_type":"article","og_title":"Vertikalne sonda\u017ee - Meteoinfo Slovenija","og_description":"Vertikalna sonda\u017ea prikazuje potek temperature, vlage ter smeri in hitrostivetra z vi\u0161ino nad dolo\u010denim obmo\u010djem. Sonda\u017ene meritve se ve\u010dinoma izvajajo s pomo\u010djo meteorolo\u0161kega balona, na katerega so pritrjeni merilni instrumenti, GPS sprejemnik in oddajnik signala. Vertikalna sonda\u017ea nad Ljubljano ob 23.30 UTC in 11.30 UTC (ARSO) Zgornja vertikalna sonde\u017ea je prikazana na emegramu do nadmorske [&hellip;]","og_url":"https:\/\/meteoinfo.si\/en\/vertikalne-sondaze\/","og_site_name":"Meteoinfo Slovenija","article_publisher":"https:\/\/www.facebook.com\/meteoinfoslovenija","article_modified_time":"2026-04-22T17:54:34+00:00","og_image":[{"url":"https:\/\/meteo.arso.gov.si\/uploads\/probase\/www\/observ\/upper\/sigps_ljubljana-bezigrad_zoom.png","type":"","width":"","height":""}],"twitter_card":"summary_large_image","twitter_site":"@MeteoinfoSi","twitter_misc":{"Est. reading time":"5 minutes"},"schema":{"@context":"https:\/\/schema.org","@graph":[{"@type":"WebPage","@id":"https:\/\/meteoinfo.si\/vertikalne-sondaze\/","url":"https:\/\/meteoinfo.si\/vertikalne-sondaze\/","name":"Vertikalne sonda\u017ee - Meteoinfo Slovenija","isPartOf":{"@id":"https:\/\/meteoinfo.si\/#website"},"primaryImageOfPage":{"@id":"https:\/\/meteoinfo.si\/vertikalne-sondaze\/#primaryimage"},"image":{"@id":"https:\/\/meteoinfo.si\/vertikalne-sondaze\/#primaryimage"},"thumbnailUrl":"https:\/\/meteo.arso.gov.si\/uploads\/probase\/www\/observ\/upper\/sigps_ljubljana-bezigrad_zoom.png","datePublished":"2023-06-20T15:45:34+00:00","dateModified":"2026-04-22T17:54:34+00:00","breadcrumb":{"@id":"https:\/\/meteoinfo.si\/vertikalne-sondaze\/#breadcrumb"},"inLanguage":"en-US","potentialAction":[{"@type":"ReadAction","target":["https:\/\/meteoinfo.si\/vertikalne-sondaze\/"]}]},{"@type":"ImageObject","inLanguage":"en-US","@id":"https:\/\/meteoinfo.si\/vertikalne-sondaze\/#primaryimage","url":"https:\/\/meteo.arso.gov.si\/uploads\/probase\/www\/observ\/upper\/sigps_ljubljana-bezigrad_zoom.png","contentUrl":"https:\/\/meteo.arso.gov.si\/uploads\/probase\/www\/observ\/upper\/sigps_ljubljana-bezigrad_zoom.png"},{"@type":"BreadcrumbList","@id":"https:\/\/meteoinfo.si\/vertikalne-sondaze\/#breadcrumb","itemListElement":[{"@type":"ListItem","position":1,"name":"Home","item":"https:\/\/meteoinfo.si\/"},{"@type":"ListItem","position":2,"name":"Vertikalne sonda\u017ee"}]},{"@type":"WebSite","@id":"https:\/\/meteoinfo.si\/#website","url":"https:\/\/meteoinfo.si\/","name":"Meteoinfo","description":"Meteoinfo Slovenija je spletni portal skupine ljubiteljev opazovanja in prou\u010devanja ekstremnih vremenskih pojavov ter podnebja.","publisher":{"@id":"https:\/\/meteoinfo.si\/#organization"},"potentialAction":[{"@type":"SearchAction","target":{"@type":"EntryPoint","urlTemplate":"https:\/\/meteoinfo.si\/?s={search_term_string}"},"query-input":{"@type":"PropertyValueSpecification","valueRequired":true,"valueName":"search_term_string"}}],"inLanguage":"en-US"},{"@type":"Organization","@id":"https:\/\/meteoinfo.si\/#organization","name":"Meteoinfo Slovenija","url":"https:\/\/meteoinfo.si\/","logo":{"@type":"ImageObject","inLanguage":"en-US","@id":"https:\/\/meteoinfo.si\/#\/schema\/logo\/image\/","url":"https:\/\/meteoinfo.si\/wp-content\/uploads\/2023\/08\/meteoinfo_logo.png","contentUrl":"https:\/\/meteoinfo.si\/wp-content\/uploads\/2023\/08\/meteoinfo_logo.png","width":260,"height":27,"caption":"Meteoinfo Slovenija"},"image":{"@id":"https:\/\/meteoinfo.si\/#\/schema\/logo\/image\/"},"sameAs":["https:\/\/www.facebook.com\/meteoinfoslovenija","https:\/\/x.com\/MeteoinfoSi","https:\/\/www.instagram.com\/meteoinfo.si\/","https:\/\/www.tiktok.com\/@meteoinfo.slo"]}]}},"_links":{"self":[{"href":"https:\/\/meteoinfo.si\/en\/wp-json\/wp\/v2\/pages\/3050","targetHints":{"allow":["GET"]}}],"collection":[{"href":"https:\/\/meteoinfo.si\/en\/wp-json\/wp\/v2\/pages"}],"about":[{"href":"https:\/\/meteoinfo.si\/en\/wp-json\/wp\/v2\/types\/page"}],"author":[{"embeddable":true,"href":"https:\/\/meteoinfo.si\/en\/wp-json\/wp\/v2\/users\/2"}],"replies":[{"embeddable":true,"href":"https:\/\/meteoinfo.si\/en\/wp-json\/wp\/v2\/comments?post=3050"}],"version-history":[{"count":6,"href":"https:\/\/meteoinfo.si\/en\/wp-json\/wp\/v2\/pages\/3050\/revisions"}],"predecessor-version":[{"id":14632,"href":"https:\/\/meteoinfo.si\/en\/wp-json\/wp\/v2\/pages\/3050\/revisions\/14632"}],"wp:attachment":[{"href":"https:\/\/meteoinfo.si\/en\/wp-json\/wp\/v2\/media?parent=3050"}],"curies":[{"name":"wp","href":"https:\/\/api.w.org\/{rel}","templated":true}]}}